{"id":182,"date":"2021-11-21T17:24:23","date_gmt":"2021-11-21T16:24:23","guid":{"rendered":"https:\/\/kathrin-schultz.de\/?page_id=182"},"modified":"2024-01-07T13:20:30","modified_gmt":"2024-01-07T12:20:30","slug":"filmographie","status":"publish","type":"page","link":"https:\/\/kathrin-schultz.de\/?page_id=182","title":{"rendered":"Filme"},"content":{"rendered":"\n<figure class=\"wp-block-image size-large\"><img loading=\"lazy\" decoding=\"async\" width=\"1024\" height=\"768\" src=\"https:\/\/kathrin-schultz.de\/wp-content\/uploads\/2021\/11\/foto-ich-filmend-1024x768.jpg\" alt=\"\" class=\"wp-image-188\" srcset=\"https:\/\/kathrin-schultz.de\/wp-content\/uploads\/2021\/11\/foto-ich-filmend-1024x768.jpg 1024w, https:\/\/kathrin-schultz.de\/wp-content\/uploads\/2021\/11\/foto-ich-filmend-300x225.jpg 300w, https:\/\/kathrin-schultz.de\/wp-content\/uploads\/2021\/11\/foto-ich-filmend-768x576.jpg 768w, https:\/\/kathrin-schultz.de\/wp-content\/uploads\/2021\/11\/foto-ich-filmend-1536x1152.jpg 1536w, https:\/\/kathrin-schultz.de\/wp-content\/uploads\/2021\/11\/foto-ich-filmend-2048x1536.jpg 2048w, https:\/\/kathrin-schultz.de\/wp-content\/uploads\/2021\/11\/foto-ich-filmend-1568x1176.jpg 1568w\" sizes=\"auto, (max-width: 1024px) 100vw, 1024px\" \/><figcaption class=\"wp-element-caption\">Foto: privat<\/figcaption><\/figure>\n\n\n\n<p>Zu meinem 14. Geburtstag im Jahr 1993 erf\u00fcllten meine Eltern mir erneut einen gro\u00dfen Wunsch: Sie mieteten eine Videokamera. Das kostete damals, ich wei\u00df es noch wie heute, 120 D-Mark die Stunde! Und es handelte sich auch noch um eine VHS-Kamera. Ich war \u00fcbergl\u00fccklich und kaufte mir ein Jahr sp\u00e4ter, zu meiner Jugendweihe, meine erste eigene Kamera inklusive Schnittcomputer. Dieser bestand damals aus einem Ger\u00e4t, das du an den Videorecorder angeschlossen hast und wo du lediglich mit einem Hebel die \u00dcbertragung von Kamera auf Videorecorder unterbrechen konntest. Einen Titelgenerator gab&#8217;s auch noch dazu f\u00fcr wundersch\u00f6ne wei\u00dfe Rolltitel. Das war mein Einstieg in die Filmkunst.<\/p>\n\n\n\n<p>Zun\u00e4chst drehte ich haupts\u00e4chlich Videos \u00fcber meine Familie, die heute auch noch alle in meinem Besitz sind. Wir dokumentierten unseren Familienalltag, aber spielten auch Werbefilme nach und produzierten selbst kleine Filmchen.<\/p>\n\n\n\n<p>Seit 1998 drehe ich Image-Filme f\u00fcr Vereine, habe aber auch schon mehrere gr\u00f6\u00dfere Filmdokumentation fertig gestellt, die haupts\u00e4chlich geschichtliche Aspekte beinhalten, da mir das Archivieren von Vereinsgeschichten, aber auch von Interviewpartner*innen sehr wichtig ist. Geplant sind viele weitere Projekte, gern auch mit anderen Interessierten zusammen!<\/p>\n\n\n\n<p><a href=\"https:\/\/kathrin-schultz.de\/?page_id=460\">Filmographie in Tabellenform<\/a><\/p>\n\n\n\n<h2 class=\"wp-block-heading\">Youtube-Kan\u00e4le<\/h2>\n\n\n\n<p><a rel=\"noreferrer noopener\" href=\"https:\/\/www.youtube.com\/channel\/UCuZWEHPS3rilNP8HXxo2znQ\" target=\"_blank\">Kathrin Schultz<\/a> \/ Auswahl: <\/p>\n\n\n\n<figure class=\"wp-block-embed is-type-video is-provider-youtube wp-block-embed-youtube wp-embed-aspect-16-9 wp-has-aspect-ratio\"><div class=\"wp-block-embed__wrapper\">\n<iframe loading=\"lazy\" hcb-fetch-image-from=\"https:\/\/youtu.be\/HNocc2GI5DY\" title=\"&quot;Zwischen gestern und morgen&quot; (Filmausschnitte)\" width=\"750\" height=\"422\" src=\"https:\/\/www.youtube.com\/embed\/HNocc2GI5DY?feature=oembed\" frameborder=\"0\" allow=\"accelerometer; autoplay; clipboard-write; encrypted-media; gyroscope; picture-in-picture; web-share\" allowfullscreen><\/iframe>\n<\/div><figcaption class=\"wp-element-caption\">&#8222;Zwischen gestern und morgen.&#8220; Eine Produktion der Geschichts-Gruppe des Sonntags-Club e.V. zu 50 Jahren Vereinsgeschehen. Regie &amp; Schnitt: Kathrin* Schultz &amp; Co-Produktion: Joyce V. Newrzella. Gesamtl\u00e4nge: 98 Minuten. Erscheinungsdatum: 2024. <\/figcaption><\/figure>\n\n\n\n<figure class=\"wp-block-embed is-type-video is-provider-youtube wp-block-embed-youtube wp-embed-aspect-4-3 wp-has-aspect-ratio\"><div class=\"wp-block-embed__wrapper\">\n<iframe loading=\"lazy\" hcb-fetch-image-from=\"https:\/\/youtu.be\/Q8Jhj1UO1Xk\" title=\"&quot;Berlin ist \u00fcberall&quot;\" width=\"750\" height=\"563\" src=\"https:\/\/www.youtube.com\/embed\/Q8Jhj1UO1Xk?feature=oembed\" frameborder=\"0\" allow=\"accelerometer; autoplay; clipboard-write; encrypted-media; gyroscope; picture-in-picture; web-share\" allowfullscreen><\/iframe>\n<\/div><figcaption class=\"wp-element-caption\">&#8222;Berlin ist \u00fcberall.&#8220; Doku-Film von M\u00e4dchen f\u00fcr M\u00e4dchen, Jungen &amp; Erwachsene \u00fcber die Berliner Mauer. Regie &amp; Schnitt: Kathrin Schultz, Jeannine Prie\u00df, Kristin K\u00f6lling. Gesamtl\u00e4nge: 67 Minuten. Premiere: 2010. Altersempfehlung: ab 6 Jahre, <a href=\"http:\/\/www.phantalisa.de\">www.phantalisa.de<\/a><\/figcaption><\/figure>\n\n\n\n<figure class=\"wp-block-embed is-type-video is-provider-youtube wp-block-embed-youtube wp-embed-aspect-16-9 wp-has-aspect-ratio\"><div class=\"wp-block-embed__wrapper\">\n<iframe loading=\"lazy\" hcb-fetch-image-from=\"https:\/\/youtu.be\/r46s6NZvcBA\" title=\"&quot;Vierzig plus zwei&quot; - mit deutschen UT (Trailer)\" width=\"750\" height=\"422\" src=\"https:\/\/www.youtube.com\/embed\/r46s6NZvcBA?feature=oembed\" frameborder=\"0\" allow=\"accelerometer; autoplay; clipboard-write; encrypted-media; gyroscope; picture-in-picture; web-share\" allowfullscreen><\/iframe>\n<\/div><figcaption class=\"wp-element-caption\">&#8222;Vierzig plus zwei.&#8220; Doku-Filmprojekt zu 40 Jahren Lesbenfr\u00fchlingstreffen.<br>Ein Film von Kathrin* Schultz &amp; Steffi Wiegand. Gesamtl\u00e4nge: 100 Minuten. Premiere: 2014, <a href=\"http:\/\/www.lesbenfruehling.de\">www.lesbenfruehling.de<\/a><br><\/figcaption><\/figure>\n\n\n\n<p><a href=\"https:\/\/www.youtube.com\/channel\/UCLIxXNjVRmtbZA_Ti_YD5xw\/about\" target=\"_blank\" rel=\"noreferrer noopener\">Lambda Berlin-Brandenburg Youtube-Kanal<\/a> \/ Auswahl:<\/p>\n\n\n\n<figure class=\"wp-block-embed is-type-video is-provider-youtube wp-block-embed-youtube wp-embed-aspect-16-9 wp-has-aspect-ratio\"><div class=\"wp-block-embed__wrapper\">\n<iframe loading=\"lazy\" hcb-fetch-image-from=\"https:\/\/www.youtube.com\/watch?v=18V1qJyueYk&amp;t=776s\" title=\"Trailer zu &quot;25 Jahre - 25 Geschichten&quot;\" width=\"750\" height=\"422\" src=\"https:\/\/www.youtube.com\/embed\/18V1qJyueYk?start=776&#038;feature=oembed\" frameborder=\"0\" allow=\"accelerometer; autoplay; clipboard-write; encrypted-media; gyroscope; picture-in-picture; web-share\" allowfullscreen><\/iframe>\n<\/div><figcaption class=\"wp-element-caption\">&#8222;25 Jahre &#8211; 25 Geschichten&#8220;. Doku-Filmprojekt zu 25 Jahre Jugendnetzwerk Lambda e.V., Premiere: 2015, Gesamtl\u00e4nge: 90 Minuten, <a href=\"http:\/\/www.lambda-bb.de\">www.lambda-bb.de<\/a><\/figcaption><\/figure>\n\n\n\n<figure class=\"wp-block-embed is-type-video is-provider-youtube wp-block-embed-youtube wp-embed-aspect-16-9 wp-has-aspect-ratio\"><div class=\"wp-block-embed__wrapper\">\n<iframe loading=\"lazy\" hcb-fetch-image-from=\"https:\/\/youtu.be\/Sdioh7qJ91Q\" title=\"Trailer 15 Jahre LesBiSchwule Tour* (deutsche Untertitel)\" width=\"750\" height=\"422\" src=\"https:\/\/www.youtube.com\/embed\/Sdioh7qJ91Q?feature=oembed\" frameborder=\"0\" allow=\"accelerometer; autoplay; clipboard-write; encrypted-media; gyroscope; picture-in-picture; web-share\" allowfullscreen><\/iframe>\n<\/div><figcaption class=\"wp-element-caption\">Doku-Film zu 25 Jahre LesBiSchwule Tour*. Gesamtl\u00e4nge: 80 Minuten, Premiere: 2013, <a href=\"http:\/\/www.brandenburg-bleibt-bunt.de\">www.brandenburg-bleibt-bunt.de<\/a><\/figcaption><\/figure>\n\n\n\n<figure class=\"wp-block-embed is-type-video is-provider-youtube wp-block-embed-youtube wp-embed-aspect-16-9 wp-has-aspect-ratio\"><div class=\"wp-block-embed__wrapper\">\n<iframe loading=\"lazy\" hcb-fetch-image-from=\"https:\/\/youtu.be\/xqBd-uqldBY\" title=\"Schulsport war fuer mich ein rotes Tuch\" width=\"750\" height=\"422\" src=\"https:\/\/www.youtube.com\/embed\/xqBd-uqldBY?feature=oembed\" frameborder=\"0\" allow=\"accelerometer; autoplay; clipboard-write; encrypted-media; gyroscope; picture-in-picture; web-share\" allowfullscreen><\/iframe>\n<\/div><figcaption class=\"wp-element-caption\">&#8222;Schulsport war f\u00fcr mich ein rotes Tuch&#8220; Kurzfilm von Queer@School-Team, Premiere: 2010, L\u00e4nge: 8 Minuten, <a href=\"http:\/\/www.queer-at-school.de\">www.queer-at-school.de<\/a> <\/figcaption><\/figure>\n\n\n\n<figure class=\"wp-block-embed is-type-video is-provider-youtube wp-block-embed-youtube wp-embed-aspect-16-9 wp-has-aspect-ratio\"><div class=\"wp-block-embed__wrapper\">\n<iframe loading=\"lazy\" hcb-fetch-image-from=\"https:\/\/youtu.be\/2BSPNm3rKeI\" title=\"Dreamville - wie m\u00f6chtest du leben?\" width=\"750\" height=\"422\" src=\"https:\/\/www.youtube.com\/embed\/2BSPNm3rKeI?feature=oembed\" frameborder=\"0\" allow=\"accelerometer; autoplay; clipboard-write; encrypted-media; gyroscope; picture-in-picture; web-share\" allowfullscreen><\/iframe>\n<\/div><figcaption class=\"wp-element-caption\">&#8222;Dreamville &#8211; wie m\u00f6chtest du leben?&#8220; Kurzfilm des Lambda BB-Teams zum Theaterprojekt DREAMVILLE, Premiere 2013, <a href=\"http:\/\/www.lambda-bb.de\">www.lambda-bb.de<\/a><\/figcaption><\/figure>\n\n\n","protected":false},"excerpt":{"rendered":"<p>Zu meinem 14. Geburtstag im Jahr 1993 erf\u00fcllten meine Eltern mir erneut einen gro\u00dfen Wunsch: Sie mieteten eine Videokamera. Das kostete damals, ich wei\u00df es noch wie heute, 120 D-Mark&hellip; <a class=\"more-link\" href=\"https:\/\/kathrin-schultz.de\/?page_id=182\"><span class=\"screen-reader-text\">Filme<\/span> weiterlesen<\/a><\/p>\n","protected":false},"author":1,"featured_media":0,"parent":0,"menu_order":0,"comment_status":"closed","ping_status":"closed","template":"","meta":{"footnotes":""},"class_list":["post-182","page","type-page","status-publish","hentry","entry"],"_links":{"self":[{"href":"https:\/\/kathrin-schultz.de\/index.php?rest_route=\/wp\/v2\/pages\/182","targetHints":{"allow":["GET"]}}],"collection":[{"href":"https:\/\/kathrin-schultz.de\/index.php?rest_route=\/wp\/v2\/pages"}],"about":[{"href":"https:\/\/kathrin-schultz.de\/index.php?rest_route=\/wp\/v2\/types\/page"}],"author":[{"embeddable":true,"href":"https:\/\/kathrin-schultz.de\/index.php?rest_route=\/wp\/v2\/users\/1"}],"replies":[{"embeddable":true,"href":"https:\/\/kathrin-schultz.de\/index.php?rest_route=%2Fwp%2Fv2%2Fcomments&post=182"}],"version-history":[{"count":21,"href":"https:\/\/kathrin-schultz.de\/index.php?rest_route=\/wp\/v2\/pages\/182\/revisions"}],"predecessor-version":[{"id":479,"href":"https:\/\/kathrin-schultz.de\/index.php?rest_route=\/wp\/v2\/pages\/182\/revisions\/479"}],"wp:attachment":[{"href":"https:\/\/kathrin-schultz.de\/index.php?rest_route=%2Fwp%2Fv2%2Fmedia&parent=182"}],"curies":[{"name":"wp","href":"https:\/\/api.w.org\/{rel}","templated":true}]}}