{"id":201,"date":"2021-11-21T18:19:51","date_gmt":"2021-11-21T17:19:51","guid":{"rendered":"https:\/\/kathrin-schultz.de\/?page_id=201"},"modified":"2023-09-13T17:02:19","modified_gmt":"2023-09-13T15:02:19","slug":"musik","status":"publish","type":"page","link":"https:\/\/kathrin-schultz.de\/?page_id=201","title":{"rendered":"Musik"},"content":{"rendered":"\n<div class=\"wp-block-columns is-layout-flex wp-container-core-columns-is-layout-9d6595d7 wp-block-columns-is-layout-flex\">\n<div class=\"wp-block-column is-layout-flow wp-block-column-is-layout-flow\">\n<figure class=\"wp-block-image size-full\"><img loading=\"lazy\" decoding=\"async\" width=\"500\" height=\"671\" src=\"https:\/\/kathrin-schultz.de\/wp-content\/uploads\/2021\/11\/schaf-mit-akkordeon.jpg\" alt=\"\" class=\"wp-image-208\" srcset=\"https:\/\/kathrin-schultz.de\/wp-content\/uploads\/2021\/11\/schaf-mit-akkordeon.jpg 500w, https:\/\/kathrin-schultz.de\/wp-content\/uploads\/2021\/11\/schaf-mit-akkordeon-224x300.jpg 224w\" sizes=\"auto, (max-width: 500px) 100vw, 500px\" \/><figcaption class=\"wp-element-caption\">Grafik: Raoul Berlin<\/figcaption><\/figure>\n<\/div>\n\n\n\n<div class=\"wp-block-column is-layout-flow wp-block-column-is-layout-flow\">\n<figure class=\"wp-block-image size-large\"><img loading=\"lazy\" decoding=\"async\" width=\"575\" height=\"1024\" src=\"https:\/\/kathrin-schultz.de\/wp-content\/uploads\/2021\/11\/fotos-sonntagsclub-2-575x1024.jpg\" alt=\"\" class=\"wp-image-209\" srcset=\"https:\/\/kathrin-schultz.de\/wp-content\/uploads\/2021\/11\/fotos-sonntagsclub-2-575x1024.jpg 575w, https:\/\/kathrin-schultz.de\/wp-content\/uploads\/2021\/11\/fotos-sonntagsclub-2-169x300.jpg 169w, https:\/\/kathrin-schultz.de\/wp-content\/uploads\/2021\/11\/fotos-sonntagsclub-2-768x1367.jpg 768w, https:\/\/kathrin-schultz.de\/wp-content\/uploads\/2021\/11\/fotos-sonntagsclub-2-863x1536.jpg 863w, https:\/\/kathrin-schultz.de\/wp-content\/uploads\/2021\/11\/fotos-sonntagsclub-2-1151x2048.jpg 1151w, https:\/\/kathrin-schultz.de\/wp-content\/uploads\/2021\/11\/fotos-sonntagsclub-2-1568x2790.jpg 1568w, https:\/\/kathrin-schultz.de\/wp-content\/uploads\/2021\/11\/fotos-sonntagsclub-2-scaled.jpg 1439w\" sizes=\"auto, (max-width: 575px) 100vw, 575px\" \/><\/figure>\n<\/div>\n<\/div>\n\n\n\n<p>Mit 6 Jahren stand ich vor der Auslage eines Spielzeuggesch\u00e4ftes in meiner Heimatstadt Neubrandenburg und sah das erste Akkordeon meines Lebens, ich war sofort verliebt!<\/p>\n<p>Meine Eltern schenkten mir dieses Spielzeuginstrument zum n\u00e4chsten Weihnachtsfeste, aber ich wollte mehr, also bekam ich mit 8 Jahren mein erstes richtiges Akkordeon. Zun\u00e4chst brachte ich mir das Spielen selbst bei, mit \u00dcbungsheften aus der BRD, die meine Patentante mir per Post schickte, dann bekam ich einen Akkordeonlehrer: Willibald K., er war steinalt (in meiner Erinnerung), blind und wohnte in einem Plattenbau in der Innenstadt. Zwei Jahre lang schleppte ich mein Akkordeon dorthin. Was mir (leider) irgendwann, ebenso wie das regelm\u00e4\u00dfige \u00dcben, zu m\u00fchselig war.<\/p>\n<p>Zeitgleich sang ich im Kinderchor, den \u201eNeubrandenburger Goldkehlchen\u201c mit und bekam dort auch eine spezielle Stimmbildung f\u00fcr den Sopran und den Alt.<\/p>\n<p>Seit 2017 singe ich endlich wieder in einem Chor mit. Die <a href=\"http:\/\/www.stadtlibellen.net\">Stadtlibellen<\/a> sind ein Chor f\u00fcr Frauen, Lesben, Trans*, Inter \u2013 wir proben immer mittwochs in Berlin Neuk\u00f6lln.<u><\/u><\/p>\n<p>Mein Opa spielte auch ein Instrument, und zwar Mundharmonika. Das habe ich aber leider erst nach seinem Tod 2004 erfahren und nachdem eine Freundin mir eine Mundharmonika schenkte mit den Worten: \u201eHier, probier mal!\u201c Dadurch erwachte mein Interesse an vielen weiteren Instrumenten: Gitarre, Ukulele, Mundharmonika, Kalimba und seit Kurzem auch Cajon.<\/p>\n<p>Au\u00dferdem liebe ich Schlager, die ich am liebsten umtexte.<\/p>\n<p>Ein paar Kostproben meiner Gesangseinlagen findest du hier:<\/p>\n<p><span style=\"color: #ff3333;\"><a href=\"https:\/\/www.youtube.com\/channel\/UCfn61exy_Plx_oLNBnJpHTA\" target=\"_blank\" rel=\"noopener\">Frau* Schultz (Youtube)<\/a><\/span><\/p>\n<p><iframe loading=\"lazy\" hcb-fetch-image-from=\"https:\/\/youtu.be\/md4vlnETnNc\" title=\"Song 14 - &quot;Eine Lesbe* lieben ist wie ein neues Leben!&quot;\" width=\"750\" height=\"422\" src=\"https:\/\/www.youtube.com\/embed\/md4vlnETnNc?feature=oembed\" frameborder=\"0\" allow=\"accelerometer; autoplay; clipboard-write; encrypted-media; gyroscope; picture-in-picture; web-share\" allowfullscreen><\/iframe><\/p>\n<p>Und auch bei der MIXTAPE, einer offenen B\u00fchne im Sonntags-Club, habe ich von 2013 bis 2015 mitmoderiert zusammen mit RAOUL BERLIN, hier finden sich ein paar Eindr\u00fccke:<\/p>\n<p><a href=\"https:\/\/www.youtube.com\/user\/kai2008dieratte\/search?query=mixtape\">WEDDINER FILMER (Youtube)<\/a><\/p>\n<p><iframe loading=\"lazy\" hcb-fetch-image-from=\"https:\/\/youtu.be\/gx35h0R-msI\" title=\"Mixtape 22.02.14 - 09\" width=\"750\" height=\"422\" src=\"https:\/\/www.youtube.com\/embed\/gx35h0R-msI?feature=oembed\" frameborder=\"0\" allow=\"accelerometer; autoplay; clipboard-write; encrypted-media; gyroscope; picture-in-picture; web-share\" allowfullscreen><\/iframe><\/p>\n\n\n\n<figure class=\"wp-block-embed is-type-video is-provider-youtube wp-block-embed-youtube wp-embed-aspect-16-9 wp-has-aspect-ratio\"><div class=\"wp-block-embed__wrapper\">\n<iframe loading=\"lazy\" hcb-fetch-image-from=\"https:\/\/www.youtube.com\/watch?v=zUJ2pGSN4Zg\" title=\"MIXTAPE - SONNTAGSCLUB 26.04.2014 (09)\" width=\"750\" height=\"422\" src=\"https:\/\/www.youtube.com\/embed\/zUJ2pGSN4Zg?feature=oembed\" frameborder=\"0\" allow=\"accelerometer; autoplay; clipboard-write; encrypted-media; gyroscope; picture-in-picture; web-share\" allowfullscreen><\/iframe>\n<\/div><\/figure>\n\n\n<style>.kb-image201_8b5ed0-30 .kb-image-has-overlay:after{opacity:0.3;}<\/style>\n<figure class=\"wp-block-kadence-image kb-image201_8b5ed0-30 size-full\"><img loading=\"lazy\" decoding=\"async\" width=\"675\" height=\"335\" src=\"https:\/\/kathrin-schultz.de\/wp-content\/uploads\/2023\/09\/lampenfieber.jpg\" alt=\"\" class=\"kb-img wp-image-409\" srcset=\"https:\/\/kathrin-schultz.de\/wp-content\/uploads\/2023\/09\/lampenfieber.jpg 675w, https:\/\/kathrin-schultz.de\/wp-content\/uploads\/2023\/09\/lampenfieber-300x149.jpg 300w\" sizes=\"auto, (max-width: 675px) 100vw, 675px\" \/><\/figure>\n\n\n\n<p>Seit 2022 modiere ich zusammen mit Serena Raucci die offene B\u00fchne LAMPFENFIEBER im <a href=\"http:\/\/www.sonntags-club.de\">Sonntags-Club e.V.<\/a>, die n\u00e4chste Show ist am Samstag, den 28.10.023 um 19.30 Uhr.<\/p>\n\n\n\n<figure class=\"wp-block-gallery has-nested-images columns-default is-cropped wp-block-gallery-2 is-layout-flex wp-block-gallery-is-layout-flex\">\n<figure class=\"wp-block-image size-large\"><img loading=\"lazy\" decoding=\"async\" width=\"1024\" height=\"575\" data-id=\"217\" src=\"https:\/\/kathrin-schultz.de\/wp-content\/uploads\/2021\/11\/1-1-1024x575.jpg\" alt=\"\" class=\"wp-image-217\" srcset=\"https:\/\/kathrin-schultz.de\/wp-content\/uploads\/2021\/11\/1-1-1024x575.jpg 1024w, https:\/\/kathrin-schultz.de\/wp-content\/uploads\/2021\/11\/1-1-300x169.jpg 300w, https:\/\/kathrin-schultz.de\/wp-content\/uploads\/2021\/11\/1-1-768x432.jpg 768w, https:\/\/kathrin-schultz.de\/wp-content\/uploads\/2021\/11\/1-1-1536x863.jpg 1536w, https:\/\/kathrin-schultz.de\/wp-content\/uploads\/2021\/11\/1-1-2048x1151.jpg 2048w, https:\/\/kathrin-schultz.de\/wp-content\/uploads\/2021\/11\/1-1-1568x881.jpg 1568w\" sizes=\"auto, (max-width: 1024px) 100vw, 1024px\" \/><\/figure>\n\n\n\n<figure class=\"wp-block-image size-large\"><img loading=\"lazy\" decoding=\"async\" width=\"1024\" height=\"576\" data-id=\"218\" src=\"https:\/\/kathrin-schultz.de\/wp-content\/uploads\/2021\/11\/1-2-1024x576.jpg\" alt=\"\" class=\"wp-image-218\" srcset=\"https:\/\/kathrin-schultz.de\/wp-content\/uploads\/2021\/11\/1-2-1024x576.jpg 1024w, https:\/\/kathrin-schultz.de\/wp-content\/uploads\/2021\/11\/1-2-300x169.jpg 300w, https:\/\/kathrin-schultz.de\/wp-content\/uploads\/2021\/11\/1-2-768x432.jpg 768w, https:\/\/kathrin-schultz.de\/wp-content\/uploads\/2021\/11\/1-2.jpg 1500w\" sizes=\"auto, (max-width: 1024px) 100vw, 1024px\" \/><\/figure>\n\n\n\n<figure class=\"wp-block-image size-large\"><img loading=\"lazy\" decoding=\"async\" width=\"1024\" height=\"576\" data-id=\"219\" src=\"https:\/\/kathrin-schultz.de\/wp-content\/uploads\/2021\/11\/1-3-1024x576.jpg\" alt=\"\" class=\"wp-image-219\" srcset=\"https:\/\/kathrin-schultz.de\/wp-content\/uploads\/2021\/11\/1-3-1024x576.jpg 1024w, https:\/\/kathrin-schultz.de\/wp-content\/uploads\/2021\/11\/1-3-300x169.jpg 300w, https:\/\/kathrin-schultz.de\/wp-content\/uploads\/2021\/11\/1-3-768x432.jpg 768w, https:\/\/kathrin-schultz.de\/wp-content\/uploads\/2021\/11\/1-3-1536x864.jpg 1536w, https:\/\/kathrin-schultz.de\/wp-content\/uploads\/2021\/11\/1-3-1568x882.jpg 1568w, https:\/\/kathrin-schultz.de\/wp-content\/uploads\/2021\/11\/1-3.jpg 2048w\" sizes=\"auto, (max-width: 1024px) 100vw, 1024px\" \/><\/figure>\n\n\n\n<figure class=\"wp-block-image size-large\"><img loading=\"lazy\" decoding=\"async\" width=\"819\" height=\"1024\" data-id=\"220\" src=\"https:\/\/kathrin-schultz.de\/wp-content\/uploads\/2021\/11\/141025rmnft.215757-1-819x1024.jpg\" alt=\"\" class=\"wp-image-220\" srcset=\"https:\/\/kathrin-schultz.de\/wp-content\/uploads\/2021\/11\/141025rmnft.215757-1-819x1024.jpg 819w, https:\/\/kathrin-schultz.de\/wp-content\/uploads\/2021\/11\/141025rmnft.215757-1-240x300.jpg 240w, https:\/\/kathrin-schultz.de\/wp-content\/uploads\/2021\/11\/141025rmnft.215757-1-768x960.jpg 768w, https:\/\/kathrin-schultz.de\/wp-content\/uploads\/2021\/11\/141025rmnft.215757-1.jpg 1200w\" sizes=\"auto, (max-width: 819px) 100vw, 819px\" \/><\/figure>\n\n\n\n<figure class=\"wp-block-image size-large\"><img loading=\"lazy\" decoding=\"async\" width=\"1024\" height=\"576\" data-id=\"221\" src=\"https:\/\/kathrin-schultz.de\/wp-content\/uploads\/2021\/11\/1900671_547300972035208_28109559_o-1-1024x576.jpg\" alt=\"\" class=\"wp-image-221\" srcset=\"https:\/\/kathrin-schultz.de\/wp-content\/uploads\/2021\/11\/1900671_547300972035208_28109559_o-1-1024x576.jpg 1024w, https:\/\/kathrin-schultz.de\/wp-content\/uploads\/2021\/11\/1900671_547300972035208_28109559_o-1-300x169.jpg 300w, https:\/\/kathrin-schultz.de\/wp-content\/uploads\/2021\/11\/1900671_547300972035208_28109559_o-1-768x432.jpg 768w, https:\/\/kathrin-schultz.de\/wp-content\/uploads\/2021\/11\/1900671_547300972035208_28109559_o-1-1536x864.jpg 1536w, https:\/\/kathrin-schultz.de\/wp-content\/uploads\/2021\/11\/1900671_547300972035208_28109559_o-1-1568x882.jpg 1568w, https:\/\/kathrin-schultz.de\/wp-content\/uploads\/2021\/11\/1900671_547300972035208_28109559_o-1.jpg 2048w\" sizes=\"auto, (max-width: 1024px) 100vw, 1024px\" \/><\/figure>\n\n\n\n<figure class=\"wp-block-image size-large\"><img loading=\"lazy\" decoding=\"async\" width=\"1024\" height=\"575\" data-id=\"222\" src=\"https:\/\/kathrin-schultz.de\/wp-content\/uploads\/2021\/11\/IMG_0813-1-1024x575.jpg\" alt=\"\" class=\"wp-image-222\" srcset=\"https:\/\/kathrin-schultz.de\/wp-content\/uploads\/2021\/11\/IMG_0813-1-1024x575.jpg 1024w, https:\/\/kathrin-schultz.de\/wp-content\/uploads\/2021\/11\/IMG_0813-1-300x169.jpg 300w, https:\/\/kathrin-schultz.de\/wp-content\/uploads\/2021\/11\/IMG_0813-1-768x432.jpg 768w, https:\/\/kathrin-schultz.de\/wp-content\/uploads\/2021\/11\/IMG_0813-1-1536x863.jpg 1536w, https:\/\/kathrin-schultz.de\/wp-content\/uploads\/2021\/11\/IMG_0813-1-2048x1151.jpg 2048w, https:\/\/kathrin-schultz.de\/wp-content\/uploads\/2021\/11\/IMG_0813-1-1568x881.jpg 1568w\" sizes=\"auto, (max-width: 1024px) 100vw, 1024px\" \/><\/figure>\n<\/figure>\n","protected":false},"excerpt":{"rendered":"<p>Mit 6 Jahren stand ich vor der Auslage eines Spielzeuggesch\u00e4ftes in meiner Heimatstadt Neubrandenburg und sah das erste Akkordeon meines Lebens, ich war sofort verliebt! Meine Eltern schenkten mir dieses&hellip; <a class=\"more-link\" href=\"https:\/\/kathrin-schultz.de\/?page_id=201\"><span class=\"screen-reader-text\">Musik<\/span> weiterlesen<\/a><\/p>\n","protected":false},"author":1,"featured_media":0,"parent":0,"menu_order":0,"comment_status":"closed","ping_status":"closed","template":"","meta":{"footnotes":""},"class_list":["post-201","page","type-page","status-publish","hentry","entry"],"_links":{"self":[{"href":"https:\/\/kathrin-schultz.de\/index.php?rest_route=\/wp\/v2\/pages\/201","targetHints":{"allow":["GET"]}}],"collection":[{"href":"https:\/\/kathrin-schultz.de\/index.php?rest_route=\/wp\/v2\/pages"}],"about":[{"href":"https:\/\/kathrin-schultz.de\/index.php?rest_route=\/wp\/v2\/types\/page"}],"author":[{"embeddable":true,"href":"https:\/\/kathrin-schultz.de\/index.php?rest_route=\/wp\/v2\/users\/1"}],"replies":[{"embeddable":true,"href":"https:\/\/kathrin-schultz.de\/index.php?rest_route=%2Fwp%2Fv2%2Fcomments&post=201"}],"version-history":[{"count":8,"href":"https:\/\/kathrin-schultz.de\/index.php?rest_route=\/wp\/v2\/pages\/201\/revisions"}],"predecessor-version":[{"id":410,"href":"https:\/\/kathrin-schultz.de\/index.php?rest_route=\/wp\/v2\/pages\/201\/revisions\/410"}],"wp:attachment":[{"href":"https:\/\/kathrin-schultz.de\/index.php?rest_route=%2Fwp%2Fv2%2Fmedia&parent=201"}],"curies":[{"name":"wp","href":"https:\/\/api.w.org\/{rel}","templated":true}]}}