{"id":240,"date":"2021-11-21T18:53:34","date_gmt":"2021-11-21T17:53:34","guid":{"rendered":"https:\/\/kathrin-schultz.de\/?page_id=240"},"modified":"2024-04-28T11:48:17","modified_gmt":"2024-04-28T09:48:17","slug":"termine","status":"publish","type":"page","link":"https:\/\/kathrin-schultz.de\/?page_id=240","title":{"rendered":"Aktuelles"},"content":{"rendered":"\n<p>Filmvorf\u00fchrung ZWISCHEN GESTERN &amp; MORGEN im <a href=\"https:\/\/spinnboden.de\/angebot\/lost-ddr-filmscreening-zwischen-gestern-und-morgen-50-jahre-sonntags-club\/\">SPINNBODEN<\/a>, Freitag, 03.05.2024, 19 Uhr<\/p>\n\n\n\n<p>Filmvorf\u00fchrung ZWISCHEN GESTERN &amp; MORGEN in der <a href=\"https:\/\/www.frauenkultur-leipzig.de\/\" data-type=\"link\" data-id=\"https:\/\/www.frauenkultur-leipzig.de\/\">FRAUENKULTUR LEIPZIG e.V.<\/a> = Dienstag, 13.08.2024, 19 Uhr<\/p>\n\n\n\n<p>Filmvorf\u00fchrung ZWISCHEN GESTERN &amp; MORGEN im <a href=\"http:\/\/www.sonntags-club.de\" data-type=\"link\" data-id=\"www.sonntags-club.de\">Sonntags-Club e.V.<\/a> = Samstag, 28.08.24, 19 Uhr<\/p>\n\n\n\n<p>LAMPENFIEBER im <a href=\"http:\/\/www.sonntags-club.de\" data-type=\"link\" data-id=\"www.sonntags-club.de\">Sonntags-Club e.V.<\/a> = 04.05.2024 &amp; 14.09.2024 &amp; 23.11.2024 jeweils um 19.30 Uhr <\/p>\n\n\n<div class=\"wp-block-calendar\"><table id=\"wp-calendar\" class=\"wp-calendar-table\">\n\t<caption>April 2026<\/caption>\n\t<thead>\n\t<tr>\n\t\t<th scope=\"col\" aria-label=\"Montag\">M<\/th>\n\t\t<th scope=\"col\" aria-label=\"Dienstag\">D<\/th>\n\t\t<th scope=\"col\" aria-label=\"Mittwoch\">M<\/th>\n\t\t<th scope=\"col\" aria-label=\"Donnerstag\">D<\/th>\n\t\t<th scope=\"col\" aria-label=\"Freitag\">F<\/th>\n\t\t<th scope=\"col\" aria-label=\"Samstag\">S<\/th>\n\t\t<th scope=\"col\" aria-label=\"Sonntag\">S<\/th>\n\t<\/tr>\n\t<\/thead>\n\t<tbody>\n\t<tr>\n\t\t<td colspan=\"2\" class=\"pad\">&nbsp;<\/td><td>1<\/td><td>2<\/td><td>3<\/td><td>4<\/td><td>5<\/td>\n\t<\/tr>\n\t<tr>\n\t\t<td>6<\/td><td>7<\/td><td>8<\/td><td>9<\/td><td>10<\/td><td>11<\/td><td>12<\/td>\n\t<\/tr>\n\t<tr>\n\t\t<td>13<\/td><td>14<\/td><td id=\"today\">15<\/td><td>16<\/td><td>17<\/td><td>18<\/td><td>19<\/td>\n\t<\/tr>\n\t<tr>\n\t\t<td>20<\/td><td>21<\/td><td>22<\/td><td>23<\/td><td>24<\/td><td>25<\/td><td>26<\/td>\n\t<\/tr>\n\t<tr>\n\t\t<td>27<\/td><td>28<\/td><td>29<\/td><td>30<\/td>\n\t\t<td class=\"pad\" colspan=\"3\">&nbsp;<\/td>\n\t<\/tr>\n\t<\/tbody>\n\t<\/table><nav aria-label=\"Vorherige und n\u00e4chste Monate\" class=\"wp-calendar-nav\">\n\t\t<span class=\"wp-calendar-nav-prev\"><a href=\"https:\/\/kathrin-schultz.de\/?m=202112\"><svg class=\"svg-icon\" width=\"24\" height=\"24\" aria-hidden=\"true\" role=\"img\" focusable=\"false\" viewBox=\"0 0 24 24\" fill=\"none\" xmlns=\"http:\/\/www.w3.org\/2000\/svg\"><path fill-rule=\"evenodd\" clip-rule=\"evenodd\" d=\"M20 13v-2H8l4-4-1-2-7 7 7 7 1-2-4-4z\" fill=\"currentColor\"\/><\/svg>Dez.<\/a><\/span>\n\t\t<span class=\"pad\">&nbsp;<\/span>\n\t\t<span class=\"wp-calendar-nav-next\">&nbsp;<\/span>\n\t<\/nav><\/div>\n\n\n<figure class=\"wp-block-image size-large\"><img loading=\"lazy\" decoding=\"async\" width=\"768\" height=\"1024\" src=\"https:\/\/kathrin-schultz.de\/wp-content\/uploads\/2021\/11\/fernsehturm-k2-768x1024.jpg\" alt=\"\" class=\"wp-image-241\" srcset=\"https:\/\/kathrin-schultz.de\/wp-content\/uploads\/2021\/11\/fernsehturm-k2-768x1024.jpg 768w, https:\/\/kathrin-schultz.de\/wp-content\/uploads\/2021\/11\/fernsehturm-k2-225x300.jpg 225w, https:\/\/kathrin-schultz.de\/wp-content\/uploads\/2021\/11\/fernsehturm-k2-1152x1536.jpg 1152w, https:\/\/kathrin-schultz.de\/wp-content\/uploads\/2021\/11\/fernsehturm-k2-1536x2048.jpg 1536w, https:\/\/kathrin-schultz.de\/wp-content\/uploads\/2021\/11\/fernsehturm-k2-1568x2091.jpg 1568w, https:\/\/kathrin-schultz.de\/wp-content\/uploads\/2021\/11\/fernsehturm-k2.jpg 1704w\" sizes=\"auto, (max-width: 768px) 100vw, 768px\" \/><figcaption class=\"wp-element-caption\">Foto: privat<\/figcaption><\/figure>\n","protected":false},"excerpt":{"rendered":"<p>Filmvorf\u00fchrung ZWISCHEN GESTERN &amp; MORGEN im SPINNBODEN, Freitag, 03.05.2024, 19 Uhr Filmvorf\u00fchrung ZWISCHEN GESTERN &amp; MORGEN in der FRAUENKULTUR LEIPZIG e.V. = Dienstag, 13.08.2024, 19 Uhr Filmvorf\u00fchrung ZWISCHEN GESTERN &amp;&hellip; <a class=\"more-link\" href=\"https:\/\/kathrin-schultz.de\/?page_id=240\"><span class=\"screen-reader-text\">Aktuelles<\/span> weiterlesen<\/a><\/p>\n","protected":false},"author":1,"featured_media":0,"parent":0,"menu_order":0,"comment_status":"closed","ping_status":"closed","template":"","meta":{"footnotes":""},"class_list":["post-240","page","type-page","status-publish","hentry","entry"],"_links":{"self":[{"href":"https:\/\/kathrin-schultz.de\/index.php?rest_route=\/wp\/v2\/pages\/240","targetHints":{"allow":["GET"]}}],"collection":[{"href":"https:\/\/kathrin-schultz.de\/index.php?rest_route=\/wp\/v2\/pages"}],"about":[{"href":"https:\/\/kathrin-schultz.de\/index.php?rest_route=\/wp\/v2\/types\/page"}],"author":[{"embeddable":true,"href":"https:\/\/kathrin-schultz.de\/index.php?rest_route=\/wp\/v2\/users\/1"}],"replies":[{"embeddable":true,"href":"https:\/\/kathrin-schultz.de\/index.php?rest_route=%2Fwp%2Fv2%2Fcomments&post=240"}],"version-history":[{"count":20,"href":"https:\/\/kathrin-schultz.de\/index.php?rest_route=\/wp\/v2\/pages\/240\/revisions"}],"predecessor-version":[{"id":482,"href":"https:\/\/kathrin-schultz.de\/index.php?rest_route=\/wp\/v2\/pages\/240\/revisions\/482"}],"wp:attachment":[{"href":"https:\/\/kathrin-schultz.de\/index.php?rest_route=%2Fwp%2Fv2%2Fmedia&parent=240"}],"curies":[{"name":"wp","href":"https:\/\/api.w.org\/{rel}","templated":true}]}}