{"id":262,"date":"2021-11-21T20:12:38","date_gmt":"2021-11-21T19:12:38","guid":{"rendered":"https:\/\/kathrin-schultz.de\/?page_id=262"},"modified":"2021-11-21T20:12:38","modified_gmt":"2021-11-21T19:12:38","slug":"schuhhexe-leseprobe","status":"publish","type":"page","link":"https:\/\/kathrin-schultz.de\/?page_id=262","title":{"rendered":"Schuhhexe (Leseprobe)"},"content":{"rendered":"\n<h2 class=\"wp-block-heading\">Prolog: &#8222;Mami, Mutti &amp; DU&#8220;<\/h2>\n\n\n\n<p>Montag, fr\u00fcher Nachmittag.<\/p>\n<p>\u201eGrmpf&#8230;\u201c DU st\u00f6hnst. Der Schn\u00fcrsenkel will sich nicht aufknoten lassen. \u201eHallo mein Schatz!\u201c Mami, aus dem Wohnzimmer, wirft dir einen Luftkuss zu. DU stehst mitten im Flur. Ob DU dich unbemerkt an ihr vorbei schleichen kannst? Nein, Pustekuchen&#8230; \u201eSchuhe ausziehen nicht vergessen!\u201c, ruft Mami aus der Ferne. \u201eIch versuch&#8217;s ja!\u201c DU rollst mit den Augen; ziehst, zerrst und zurrst. Doppelknoten! Es ist wie verhext. Doch mit etwas M\u00fche schaffst DU es schlie\u00dflich, erst den rechten, dann den linken Schuh vom Fu\u00df zu bekommen. \u201eSchleifen entwirren hat schon mal geklappt\u201c, sagt Mutti, die hinter dir steht und dich vom Kindergarten abgeholt hat. \u201eNur Schleifen binden\u201c, erg\u00e4nzt Mami, \u201em\u00fcssen wir auch bald mal \u00fcben!\u201c<\/p>\n<p>Mami und Mutti. Ihr wohnt zu dritt in dieser Dreiraum-Wohnung am Stadtrand. Die beiden grinsen dich erwartungsvoll an. DU jedoch l\u00e4sst die Schuhe fallen und l\u00e4ufst in Richtung Kinderzimmer. Dein neues Puzzle wartet auf dich! Das hat dir Omam\u00e1 geschenkt, erst gestern, und noch hattest DU keine Zeit, es auszupack&#8230; \u201eJetzt bitte noch wegstellen!\u201c, ruft Mami wieder streng. \u201eDie Schuhe!\u201c \u201eOch n\u00f6.\u201c DU st\u00f6hnst erneut. Aufr\u00e4umen musst DU schlie\u00dflich in der Vorschule schon genug. Wobei auch Inef, dein Lieblingserzieher, dich bereits mehrmals ermahnt hat, deine Schuhe lieber ins Regal zu stellen, weil kreuz und quer herumliegendes Schuhwerk sonst&#8230; DIE SCHUHHEXE HOLT!<\/p>\n<p>\u201eDie Schuhhexe?\u201c Mami staunt, als DU ihr davon erz\u00e4hlst. \u201eGibt&#8217;s die denn wirklich?\u201c \u201eUnd falls ja\u201c, wundert Mutti sich aus ganz anderen Gr\u00fcnden, \u201ewarum sollte die denn Schuhe mopsen?\u201c \u201eWeil sonst alle dr\u00fcber stolpern?\u201c, wiederholst DU Inef&#8217;s Vermutung. Vielleicht, \u00fcberlegst DU, gibt es aber auch einen ganz anderen Grund? Noch kannst DU nicht genau sagen, welchen. Trotzdem hast DU so eine Ahnung, dass&#8230; Gesehen hast DU die Schuhhexe zwar noch nie, aber erst letzte Woche war einer deiner Schuhe tats\u00e4chlich wie vom Erdboden verschluckt, sodass DU schon Angst hattest, auf einem Bein nach Hause h\u00fcpfen zu m\u00fcssen. Erst als DU und Inef den halben Garderobenraum auf den Kopf gestellt hattet, tauchte der Schuh wieder auf: Unter der Sitzbank, in der hinterletzten, staubigsten Ecke. \u201eIrgendwie fies\u201c, findet sogar Mami, \u201ewenn das denn wirklich die Schuhhexe war&#8230;\u201c \u201eAlso ich kann mir nicht vorstellen, dass Hexen so was tun\u201c, behauptet Mutti indes. \u201eIch kenn n\u00e4mlich nur coole Exemplare!\u201c \u201eDu kennst echte Hexen?\u201c, fragst diesmal DU ungl\u00e4ubig nach. \u201eWen denn zum Beispiel?\u201c \u201eNa frag mal deine liebe Omam\u00e1!\u201c \u201eOmam\u00e1?\u201c, hakst DU erneut nach. \u201eTja, ich glaube\u201c, bekr\u00e4ftigt Mutti, \u201edie k\u00f6nnte dir dazu einiges mehr erz\u00e4hlen!\u201c DU \u00fcberlegst. Und zwar sehr lange. Die Schuhhexe spukt weiter in deinem Kopf herum. \u201eAber ob nun fies oder nicht\u201c, mischt diesmal Mami sich ein, \u201ebring deine Schuhe lieber wirklich in Sicherheit, bevor&#8230;\u201c \u201eKannst du das nicht f\u00fcr mich machen?\u201c, fragst DU schnell.<\/p>\n<p>Mami, Mutti und DU \u2013 ihr versteht euch super. Naja, meistens. Manchmal streitet ihr auch. So wie heute? \u201eLeider nein\u201c, sagt Mami n\u00e4mlich. \u201eOkay.\u201c Unwillig lenkst DU ein, drehst wieder um, denn Mami ist sehr geduldig und wartet im Flur, bis DU den halben Weg zur\u00fcck gestapft bist und die Stolperfallen tats\u00e4chlich aus dem Weg ger\u00e4umt hast. \u201eDanke, mein Kind.\u201c Mami gibt dir einen feuchten Schmatz. \u201eIgitt!\u201c DU r\u00fcmpfst die Nase. Mami lacht, Mutti auch. Dann lacht ihr alle drei zusammen. Aber jetzt &#8211; kannst DU endlich zu deinem Puzzle.<\/p>\n","protected":false},"excerpt":{"rendered":"<p>Prolog: &#8222;Mami, Mutti &amp; DU&#8220; Montag, fr\u00fcher Nachmittag. \u201eGrmpf&#8230;\u201c DU st\u00f6hnst. Der Schn\u00fcrsenkel will sich nicht aufknoten lassen. \u201eHallo mein Schatz!\u201c Mami, aus dem Wohnzimmer, wirft dir einen Luftkuss zu.&hellip; <a class=\"more-link\" href=\"https:\/\/kathrin-schultz.de\/?page_id=262\"><span class=\"screen-reader-text\">Schuhhexe (Leseprobe)<\/span> weiterlesen<\/a><\/p>\n","protected":false},"author":1,"featured_media":0,"parent":0,"menu_order":0,"comment_status":"closed","ping_status":"closed","template":"","meta":{"footnotes":""},"class_list":["post-262","page","type-page","status-publish","hentry","entry"],"_links":{"self":[{"href":"https:\/\/kathrin-schultz.de\/index.php?rest_route=\/wp\/v2\/pages\/262","targetHints":{"allow":["GET"]}}],"collection":[{"href":"https:\/\/kathrin-schultz.de\/index.php?rest_route=\/wp\/v2\/pages"}],"about":[{"href":"https:\/\/kathrin-schultz.de\/index.php?rest_route=\/wp\/v2\/types\/page"}],"author":[{"embeddable":true,"href":"https:\/\/kathrin-schultz.de\/index.php?rest_route=\/wp\/v2\/users\/1"}],"replies":[{"embeddable":true,"href":"https:\/\/kathrin-schultz.de\/index.php?rest_route=%2Fwp%2Fv2%2Fcomments&post=262"}],"version-history":[{"count":1,"href":"https:\/\/kathrin-schultz.de\/index.php?rest_route=\/wp\/v2\/pages\/262\/revisions"}],"predecessor-version":[{"id":263,"href":"https:\/\/kathrin-schultz.de\/index.php?rest_route=\/wp\/v2\/pages\/262\/revisions\/263"}],"wp:attachment":[{"href":"https:\/\/kathrin-schultz.de\/index.php?rest_route=%2Fwp%2Fv2%2Fmedia&parent=262"}],"curies":[{"name":"wp","href":"https:\/\/api.w.org\/{rel}","templated":true}]}}