{"id":288,"date":"2021-11-24T14:56:08","date_gmt":"2021-11-24T13:56:08","guid":{"rendered":"https:\/\/kathrin-schultz.de\/?page_id=288"},"modified":"2021-11-24T14:56:08","modified_gmt":"2021-11-24T13:56:08","slug":"datenschutzerklaerung","status":"publish","type":"page","link":"https:\/\/kathrin-schultz.de\/?page_id=288","title":{"rendered":"Datenschutzerkl\u00e4rung"},"content":{"rendered":"\n<p>Gem\u00e4\u00df der Datenschutz-Grundverordnung (VO-EU 2016\/679) bin ich gesetzlich verpflichtet, die Besucher*innen meiner Homepage www.kathrin-schultz.de \u00fcber Art, Umfang und Zweck der Erhebung und Verwendung ihrer Daten zu informieren. <\/p>\n\n\n\n<p><strong>Erhebung und Speicherung personenbezogener Daten sowie Art und Zweck von deren Verwendung:<\/strong><br><br><strong>Beim Besuch meiner Website:<\/strong><br><br>Beim Aufrufen meiner Hompage www.kathrin-schultz.de werden durch den auf Ihrem Endger\u00e4t zum Einsatz kommenden Browser automatisch Informationen an den Server unserer Website gesendet. Diese Informationen werden tempor\u00e4r in einem sogenannten Logfile gespeichert. Folgende Informationen werden dabei ohne Ihr Zutun erfasst und bis zur automatisierten L\u00f6schung gespeichert:<\/p>\n\n\n\n<ul class=\"wp-block-list\"><li>IP-Adresse des anfragenden Rechners,<\/li><li>Datum und Uhrzeit des Zugriffs,<\/li><li>Name und URL der abgerufenen Datei,<\/li><li>Website, von der aus der Zugriff erfolgt (Referrer-URL),<\/li><li>verwendeter Browser und ggf. das Betriebssystem Ihres Rechners sowie der Name Ihres Access-Providers. Die genannten Daten werden durch mich zu folgenden Zwecken verarbeitet:<\/li><\/ul>\n\n\n\n<p>*Gew\u00e4hrleistung eines reibungslosen Verbindungsaufbaus der Website,<br>*Gew\u00e4hrleistung einer komfortablen Nutzung unserer Website,<br>*Auswertung der Systemsicherheit und -stabilit\u00e4t sowie zu weiteren administrativen Zwecken.<br><br>Rechtsgrundlage f\u00fcr die Datenverarbeitung ist Art. 6 Abs. 1 S. 1 lit. f DSGVO. Unser berechtigtes Interesse folgt aus oben aufgelisteten Zwecken zur Datenerhebung. In keinem Fall verwende ich <\/p>\n\n\n\n<p><strong>Erhebung und Speicherung personenbezogener Daten sowie Art und Zweck von deren Verwendung:<\/strong><br><br><strong>Beim Besuch unserer Website:<\/strong><br><br>Beim Aufrufen einer unserer Websites www.kathrin-schultz.de werden durch den auf Ihrem Endger\u00e4t zum Einsatz kommenden Browser automatisch Informationen an den Server unserer Website gesendet. Diese Informationen werden tempor\u00e4r in einem sogenannten Logfile gespeichert. Folgende Informationen werden dabei ohne Ihr Zutun erfasst und bis zur automatisierten L\u00f6schung gespeichert:<\/p>\n\n\n\n<ul class=\"wp-block-list\"><li>IP-Adresse des anfragenden Rechners,<\/li><li>Datum und Uhrzeit des Zugriffs,<\/li><li>Name und URL der abgerufenen Datei,<\/li><li>Website, von der aus der Zugriff erfolgt (Referrer-URL),<\/li><li>verwendeter Browser und ggf. das Betriebssystem Ihres Rechners sowie der Name Ihres Access-Providers. Die genannten Daten werden durch mich zu folgenden Zwecken verarbeitet:<\/li><\/ul>\n\n\n\n<p>*Gew\u00e4hrleistung eines reibungslosen Verbindungsaufbaus der Website,<br>*Gew\u00e4hrleistung einer komfortablen Nutzung unserer Website,<br>*Auswertung der Systemsicherheit und -stabilit\u00e4t sowie zu weiteren administrativen Zwecken.<br><br>Rechtsgrundlage f\u00fcr die Datenverarbeitung ist Art. 6 Abs. 1 S. 1 lit. f DSGVO. Unser berechtigtes Interesse folgt aus oben aufgelisteten Zwecken zur Datenerhebung. In keinem Fall verwende ich die erhobenen Daten zu dem Zweck, R\u00fcckschl\u00fcsse auf Ihre Person zu ziehen.<br><br><strong>Cookies<\/strong> Ich setze auf meiner Seite Cookies ein. Hierbei handelt es sich um kleine Dateien, die Ihr Browser automatisch erstellt und die auf Ihrem Endger\u00e4t (Laptop, Tablet, Smartphone o.\u00e4.) gespeichert werden, wenn Sie unsere Seite besuchen. Cookies richten auf Ihrem Endger\u00e4t keinen Schaden an, enthalten keine Viren, Trojaner oder sonstige Schadsoftware. In dem Cookie werden Informationen abgelegt, die sich jeweils im Zusammenhang mit dem spezifisch eingesetzten Endger\u00e4t ergeben. Dies bedeutet jedoch nicht, dass ich dadurch unmittelbar Kenntnis von Ihrer Identit\u00e4t erhalten. Der Einsatz von Cookies dient einerseits dazu, die Nutzung unseres Angebots f\u00fcr Sie angenehmer zu gestalten. So setze ich sogenannte Session-Cookies ein, um zu erkennen, dass Sie einzelne Seiten unserer Website bereits besucht haben. Diese werden nach Verlassen unserer Seite automatisch gel\u00f6scht. Dar\u00fcber hinaus setze ich ebenfalls zur Optimierung der Benutzerfreundlichkeit tempor\u00e4re Cookies ein, die f\u00fcr einen bestimmten festgelegten Zeitraum auf Ihrem Endger\u00e4t gespeichert werden. Besuchen Sie unsere Seite erneut, um unsere Dienste in Anspruch zu nehmen, wird automatisch erkannt, dass Sie bereits bei mir waren und welche Eingaben und Einstellungen sie get\u00e4tigt haben, um diese nicht noch einmal eingeben zu m\u00fcssen. Zum anderen setzte ich Cookies ein, um die Nutzung unserer Website statistisch zu erfassen und zum Zwecke der Optimierung unseres Angebotes f\u00fcr Sie auszuwerten (siehe Ziff. 5). Diese Cookies erm\u00f6glichen es mir, bei einem erneuten Besuch der Seite automatisch zu erkennen, dass Sie bereits bei mir waren. Diese Cookies werden nach einer jeweils definierten Zeit automatisch gel\u00f6scht. Die durch Cookies verarbeiteten Daten sind f\u00fcr die genannten Zwecke zur Wahrung unserer berechtigten Interessen sowie der Dritter nach Art. 6 Abs. 1 S. 1 lit. f DSGVO erforderlich. Die meisten Browser akzeptieren Cookies automatisch. Sie k\u00f6nnen Ihren Browser jedoch so konfigurieren, dass keine Cookies auf Ihrem Computer gespeichert werden oder stets ein Hinweis erscheint, bevor ein neues Cookie angelegt wird. Die vollst\u00e4ndige Deaktivierung von Cookies kann jedoch dazu f\u00fchren, dass Sie nicht alle Funktionen unserer Website nutzen k\u00f6nnen.<\/p>\n\n\n\n<p>die erhobenen Daten zu dem Zweck, R\u00fcckschl\u00fcsse auf Ihre Person zu ziehen.<br><br><strong>Cookies<\/strong> Ich setze auf unserer Seite Cookies ein. Hierbei handelt es sich um kleine Dateien, die Ihr Browser automatisch erstellt und die auf Ihrem Endger\u00e4t (Laptop, Tablet, Smartphone o.\u00e4.) gespeichert werden, wenn Sie unsere Seite besuchen. Cookies richten auf Ihrem Endger\u00e4t keinen Schaden an, enthalten keine Viren, Trojaner oder sonstige Schadsoftware. In dem Cookie werden Informationen abgelegt, die sich jeweils im Zusammenhang mit dem spezifisch eingesetzten Endger\u00e4t ergeben. Dies bedeutet jedoch nicht, dass ich dadurch unmittelbar Kenntnis von Ihrer Identit\u00e4t erhalte. Der Einsatz von Cookies dient einerseits dazu, die Nutzung unseres Angebots f\u00fcr Sie angenehmer zu gestalten. So setzen ich sogenannte Session-Cookies ein, um zu erkennen, dass Sie einzelne Seiten unserer Website bereits besucht haben. Diese werden nach Verlassen unserer Seite automatisch gel\u00f6scht. Dar\u00fcber hinaus setze ich ebenfalls zur Optimierung der Benutzerfreundlichkeit tempor\u00e4re Cookies ein, die f\u00fcr einen bestimmten festgelegten Zeitraum auf Ihrem Endger\u00e4t gespeichert werden. Besuchen Sie unsere Seite erneut, um unsere Dienste in Anspruch zu nehmen, wird automatisch erkannt, dass Sie bereits bei mir waren und welche Eingaben und Einstellungen Sie get\u00e4tigt haben, um diese nicht noch einmal eingeben zu m\u00fcssen. Zum anderen setzte ich Cookies ein, um die Nutzung unserer Website statistisch zu erfassen und zum Zwecke der Optimierung unseres Angebotes f\u00fcr Sie auszuwerten (siehe Ziff. 5). Diese Cookies erm\u00f6glichen es mir, bei einem erneuten Besuch unserer Seite automatisch zu erkennen, dass Sie bereits bei mir waren. Diese Cookies werden nach einer jeweils definierten Zeit automatisch gel\u00f6scht. Die durch Cookies verarbeiteten Daten sind f\u00fcr die genannten Zwecke zur Wahrung unserer berechtigten Interessen sowie der Dritter nach Art. 6 Abs. 1 S. 1 lit. f DSGVO erforderlich. Die meisten Browser akzeptieren Cookies automatisch. Sie k\u00f6nnen Ihren Browser jedoch so konfigurieren, dass keine Cookies auf Ihrem Computer gespeichert werden oder stets ein Hinweis erscheint, bevor ein neues Cookie angelegt wird. Die vollst\u00e4ndige Deaktivierung von Cookies kann jedoch dazu f\u00fchren, dass Sie nicht alle Funktionen unserer Website nutzen k\u00f6nnen.<\/p>\n\n\n<a  href=\"#consent-revoke\" role=\"button\" id=\"rcb-sc-link-revoke\" data-success-message=\"Du hast die Einwilligung erfolgreich widerrufen. Die Seite wird nun neu geladen.\" class=\"rcb-sc-link rcb-sc-link-revoke \">Einwilligungen widerrufen<\/a>\n\n\n\n<h2 class=\"wp-block-heading\">Eingebettete Inhalte von anderen Websites<\/h2>\n\n\n\n<p>Beitr\u00e4ge auf dieser Website k\u00f6nnen eingebettete Inhalte beinhalten (z.&nbsp;B. Videos, Bilder, Beitr\u00e4ge etc.). Eingebettete Inhalte von anderen Websites verhalten sich exakt so, als ob die Besucher*innen die andere Website besucht h\u00e4tte.<\/p>\n\n\n\n<p>Diese Websites k\u00f6nnen Daten \u00fcber dich sammeln, Cookies benutzen, zus\u00e4tzliche Tracking-Dienste von Dritten einbetten und deine Interaktion mit diesem eingebetteten Inhalt aufzeichnen, inklusive deiner Interaktion mit dem eingebetteten Inhalt, falls du ein Konto hast und auf dieser Website angemeldet bist.<\/p>\n\n\n\n<h2 class=\"wp-block-heading\">Hinweise zur Datenverarbeitung im Zusammenhang mit Google Analytics<\/h2>\n\n\n\n<p>Diese Website benutzt Google Analytics, einen Webanalysedienst der Google Ireland Limited. Wenn der Verantwortliche f\u00fcr die Datenverarbeitung auf dieser Website au\u00dferhalb des Europ\u00e4ischen Wirtschaftsraumes oder der Schweiz sitzt, dann erfolgt die Google Analytics Datenverarbeitung durch Google LLC. Google LLC und Google Ireland Limited werden nachfolgend &#8222;Google&#8220; genannt.<br><br>Google Analytics verwendet sog. &#8222;Cookies&#8220;, Textdateien, die auf dem Computer des Seitenbesuchers gespeichert werden und die eine Analyse der Benutzung der Website durch den Seitenbesucher erm\u00f6glichen. Die durch das Cookie erzeugten Informationen \u00fcber die Benutzung dieser Website durch den Seitenbesucher (einschlie\u00dflich der gek\u00fcrzten IP-Adresse) werden in der Regel an einen Server von Google \u00fcbertragen und dort gespeichert.<br><br>Google Analytics wird ausschlie\u00dflich mit der Erweiterung &#8222;_anonymizeIp()&#8220; auf dieser Website verwendet. Diese Erweiterung stellt eine Anonymisierung der IP-Adresse durch K\u00fcrzung sicher und schlie\u00dft eine direkte Personenbeziehbarkeit aus. Durch die Erweiterung wird die IP-Adresse von Google innerhalb von Mitgliedstaaten der Europ\u00e4ischen Union oder in anderen Vertragsstaaten des Abkommens \u00fcber den Europ\u00e4ischen Wirtschaftsraum zuvor gek\u00fcrzt. Nur in Ausnahmef\u00e4llen wird die volle IP-Adresse an einen Server von Google in den USA \u00fcbertragen und dort gek\u00fcrzt. Die im Rahmen von Google Analytics von dem entsprechenden Browser \u00fcbermittelte IP-Adresse wird nicht mit anderen Daten von Google zusammengef\u00fchrt.<br><br>Im Auftrag des Seitenbetreibers wird Google die anfallenden Informationen benutzen, um die Nutzung der Website auszuwerten, um Reports \u00fcber die Websiteaktivit\u00e4ten zusammenzustellen und um weitere mit der Websitenutzung und der Internetnutzung verbundene Dienstleistungen dem Seitenbetreiber gegen\u00fcber zu erbringen (Art. 6 Abs. 1 lit. f DSGVO). Das berechtigte Interesse an der Datenverarbeitung liegt in der Optimierung dieser Website, der Analyse der Benutzung der Website und der Anpassung der Inhalte. Die Interessen der Nutzer werden durch die Pseudonymisierung hinreichend gewahrt.<br><br>Google LLC. bietet eine Garantie auf Basis der Standardvertragsklauseln ein angemessenes Datenschutzniveau einzuhalten. Die gesendeten und mit Cookies, Nutzerkennungen (z. B. User-ID) oder Werbe-IDs verkn\u00fcpften Daten werden nach 50 Monaten automatisch gel\u00f6scht. Die L\u00f6schung von Daten, deren Aufbewahrungsdauer erreicht ist, erfolgt automatisch einmal im Monat.<br><br>Die Erfassung durch Google Analytics kann verhindert werden, indem der Seitenbesucher die Cookie-Einstellungen f\u00fcr diese Website anpasst. Der Erfassung und Speicherung der IP-Adresse und der durch Cookies erzeugten Daten kann au\u00dferdem jederzeit mit Wirkung f\u00fcr die Zukunft widersprochen werden. Das entsprechende Browser- Plugin kann unter dem folgenden Link heruntergeladen und installiert werden: <a href=\"http:\/\/tools.google.com\/dlpage\/gaoptout\" target=\"_blank\" rel=\"noreferrer noopener\">https:\/\/tools.google.com\/dlpage\/gaoptout<\/a>.<br><br>Der Seitenbesucher kann die Erfassung durch Google Analytics auf dieser Webseite verhindern, indem er auf folgenden <a href=\"javascript: gaOptOut([&quot;UA-24232327-89&quot;, &quot;UA-148703806-1&quot;]);\">Link<\/a> klickt. Es wird ein Opt-Out-Cookie gesetzt, der die zuk\u00fcnftige Erfassung der Daten beim Besuch dieser Website verhindert.<br><br>Weitere Informationen zur Datennutzung durch Google, Einstellungs- und Widerspruchsm\u00f6glichkeiten, finden sich in der Datenschutzerkl\u00e4rung von Google (<a href=\"https:\/\/policies.google.com\/privacy\" target=\"_blank\" rel=\"noreferrer noopener\">https:\/\/policies.google.com\/privacy<\/a>) sowie in den Einstellungen f\u00fcr die Darstellung von Werbeeinblendungen durch Google (<a href=\"https:\/\/adssettings.google.com\/authenticated\" target=\"_blank\" rel=\"noreferrer noopener\">https:\/\/adssettings.google.com\/authenticated<\/a>).<\/p>\n\n\n\n<h2 class=\"wp-block-heading\">reCAPTCHA<\/h2>\n\n\n\n<p>Zum Schutz Ihrer Anfragen per Internetformular verwende ich den Dienst reCAPTCHA des Unternehmens Google LLC (Google). Die Abfrage dient der Unterscheidung, ob die Eingabe durch einen Menschen oder missbr\u00e4uchlich durch automatisierte, maschinelle Verarbeitung erfolgt. Die Abfrage schlie\u00dft den Versand der IP-Adresse und ggf. weiterer von Google f\u00fcr den Dienst reCAPTCHA ben\u00f6tigter Daten an Google ein. Zu diesem Zweck wird Ihre Eingabe an Google \u00fcbermittelt und dort weiter verwendet. Ihre IP-Adresse wird von Google jedoch innerhalb von Mitgliedstaaten der Europ\u00e4ischen Union oder in anderen Vertragsstaaten des Abkommens \u00fcber den Europ\u00e4ischen Wirtschaftsraum zuvor gek\u00fcrzt. Nur in Ausnahmef\u00e4llen wird die volle IP-Adresse an einen Server von Google in den USA \u00fcbertragen und dort gek\u00fcrzt. Im Auftrag des Betreibers dieser Website wird Google diese Informationen benutzen, um Ihre Nutzung dieses Dienstes auszuwerten. Die im Rahmen von reCaptcha von Ihrem Browser \u00fcbermittelte IP-Adresse wird nicht mit anderen Daten von Google zusammengef\u00fchrt. F\u00fcr diese Daten gelten die abweichenden Datenschutzbestimmungen des Unternehmens Google. Weitere Informationen zu den Datenschutzrichtlinien von Google finden Sie unter: <a rel=\"noreferrer noopener\" href=\"https:\/\/policies.google.com\/privacy?hl=de\" target=\"_blank\">https:\/\/policies.google.com\/privacy?hl=de<\/a><\/p>\n\n\n\n<p><strong>Verantwortlich f\u00fcr die Datenverarbeitung:<\/strong><br>Kathrin Schultz<br>c\/o Sonntags-Club e.V.<br>Greifenhagener Stra\u00dfe 28<br>10437 Berlin<br>mail@kathrin-schultz.de<br><\/p>\n","protected":false},"excerpt":{"rendered":"<p>Gem\u00e4\u00df der Datenschutz-Grundverordnung (VO-EU 2016\/679) bin ich gesetzlich verpflichtet, die Besucher*innen meiner Homepage www.kathrin-schultz.de \u00fcber Art, Umfang und Zweck der Erhebung und Verwendung ihrer Daten zu informieren. Erhebung und Speicherung&hellip; <a class=\"more-link\" href=\"https:\/\/kathrin-schultz.de\/?page_id=288\"><span class=\"screen-reader-text\">Datenschutzerkl\u00e4rung<\/span> weiterlesen<\/a><\/p>\n","protected":false},"author":1,"featured_media":0,"parent":0,"menu_order":0,"comment_status":"closed","ping_status":"closed","template":"","meta":{"footnotes":""},"class_list":["post-288","page","type-page","status-publish","hentry","entry"],"_links":{"self":[{"href":"https:\/\/kathrin-schultz.de\/index.php?rest_route=\/wp\/v2\/pages\/288","targetHints":{"allow":["GET"]}}],"collection":[{"href":"https:\/\/kathrin-schultz.de\/index.php?rest_route=\/wp\/v2\/pages"}],"about":[{"href":"https:\/\/kathrin-schultz.de\/index.php?rest_route=\/wp\/v2\/types\/page"}],"author":[{"embeddable":true,"href":"https:\/\/kathrin-schultz.de\/index.php?rest_route=\/wp\/v2\/users\/1"}],"replies":[{"embeddable":true,"href":"https:\/\/kathrin-schultz.de\/index.php?rest_route=%2Fwp%2Fv2%2Fcomments&post=288"}],"version-history":[{"count":2,"href":"https:\/\/kathrin-schultz.de\/index.php?rest_route=\/wp\/v2\/pages\/288\/revisions"}],"predecessor-version":[{"id":290,"href":"https:\/\/kathrin-schultz.de\/index.php?rest_route=\/wp\/v2\/pages\/288\/revisions\/290"}],"wp:attachment":[{"href":"https:\/\/kathrin-schultz.de\/index.php?rest_route=%2Fwp%2Fv2%2Fmedia&parent=288"}],"curies":[{"name":"wp","href":"https:\/\/api.w.org\/{rel}","templated":true}]}}