{"id":43,"date":"2021-11-19T14:24:23","date_gmt":"2021-11-19T13:24:23","guid":{"rendered":"https:\/\/kathrin-schultz.de\/?page_id=43"},"modified":"2023-10-15T20:29:08","modified_gmt":"2023-10-15T18:29:08","slug":"literatur","status":"publish","type":"page","link":"https:\/\/kathrin-schultz.de\/?page_id=43","title":{"rendered":"Literatur"},"content":{"rendered":"\n<figure class=\"wp-block-image size-large\"><img loading=\"lazy\" decoding=\"async\" width=\"1024\" height=\"768\" src=\"https:\/\/kathrin-schultz.de\/wp-content\/uploads\/2021\/11\/foto-schreibhand-1024x768.jpg\" alt=\"\" class=\"wp-image-83\" srcset=\"https:\/\/kathrin-schultz.de\/wp-content\/uploads\/2021\/11\/foto-schreibhand-1024x768.jpg 1024w, https:\/\/kathrin-schultz.de\/wp-content\/uploads\/2021\/11\/foto-schreibhand-300x225.jpg 300w, https:\/\/kathrin-schultz.de\/wp-content\/uploads\/2021\/11\/foto-schreibhand-768x576.jpg 768w, https:\/\/kathrin-schultz.de\/wp-content\/uploads\/2021\/11\/foto-schreibhand-1536x1152.jpg 1536w, https:\/\/kathrin-schultz.de\/wp-content\/uploads\/2021\/11\/foto-schreibhand-2048x1536.jpg 2048w, https:\/\/kathrin-schultz.de\/wp-content\/uploads\/2021\/11\/foto-schreibhand-1568x1176.jpg 1568w\" sizes=\"auto, (max-width: 1024px) 100vw, 1024px\" \/><figcaption class=\"wp-element-caption\">Foto: privat<\/figcaption><\/figure>\n\n\n\n<div class=\"wp-block-columns is-layout-flex wp-container-core-columns-is-layout-9d6595d7 wp-block-columns-is-layout-flex\">\n<div class=\"wp-block-column is-layout-flow wp-block-column-is-layout-flow\">\n<h2 class=\"wp-block-heading\">\u00dcberblick<\/h2>\n\n\n\n<p>Ich schreibe, seit ich schreiben kann: Gedichte &amp; Geschichten sowie M\u00e4rchen f\u00fcr Kinder &amp; Erwachsene, Zeitungsartikel, biographische Texte, l\u00e4ngere Manuskripte&#8230; Warum Schreiben f\u00fcr mich so wichtig ist, l\u00e4sst sich hier nachlesen: <a rel=\"noreferrer noopener\" href=\"https:\/\/kathrin-schultz.de\/?p=314\" target=\"_blank\">&#8222;Vom Schreiben und der Zeit&#8220;<\/a>. <\/p>\n\n\n\n<p>An dieser Stelle ein kurzer \u00dcberblick \u00fcber meine Schreibaktivit\u00e4ten: <\/p>\n\n\n\n<ul class=\"wp-block-list\">\n<li>geplant f\u00fcr 2025: Fernstudium \u201eBiographisches Schreiben\u201c bei der ILS \u2013 Institut f\u00fcr Lernsysteme GmbH<\/li>\n\n\n\n<li>September 2023: erste Kinderbuch-Ver\u00f6ffentlichung, &#8222;BABYSCHAF&#8220;, die queere Kinderbuch-Serie, Band 1-3<\/li>\n\n\n\n<li>September 2023 &#8211; August 2025: Fernstudium &#8222;Belletristik&#8220; bei <a href=\"https:\/\/www.schule-des-schreibens.de\">SCHULE DES SCHREIBENS<\/a> <\/li>\n\n\n\n<li>seit 2022: Mitmoderatorin* von LAMPENFIEBER, der offenen B\u00fchne im <a href=\"http:\/\/www.sonntags-club.de\">Sonntags-Club e.V.<\/a><\/li>\n\n\n\n<li>September 2018 \u2013 Oktober 2020: Fernstudium &#8222;Kinder- &amp; Jugendliteratur&#8220; beim <a href=\"https:\/\/www.ils.de\">INSTITUT F\u00dcR LERNSYSTEME<\/a><\/li>\n\n\n\n<li>2016 &#8211; 2018: ehrenamtliches Redaktionsmitglied bei <a rel=\"noreferrer noopener\" href=\"http:\/\/www.wirfrauen.de\" target=\"_blank\">WIRFRAUEN<\/a>, feministisches Blatt<\/li>\n\n\n\n<li>2007: Diplomarbeit im Fachbereich Erziehungswissenschaften an der Freien Universit\u00e4t Berlin zum Thema: \u201eDie Bedeutung von M\u00e4rchen in der feministischen M\u00e4dchenarbeit. Das F\u00fcr und Wider speziell der M\u00e4rchen der Gebr\u00fcder Grimm &#8211; und m\u00f6gliche Alternativen.\u201c (Abgabe Oktober 2007, Note 1,3)<\/li>\n\n\n\n<li>2006: erster M\u00e4rchen-Schreibworkshop im <a href=\"http:\/\/www.phantalisa.de\">PHANTALISA M\u00e4dchentreff<\/a><\/li>\n\n\n\n<li>2006 Schreibworkshop f\u00fcr Lesben* auf dem Lesbenfr\u00fchlingstreffen in Leipzig<\/li>\n\n\n\n<li>2005 &#8211; 2007: freie Journalistin beim Lesben-Magazin <a rel=\"noreferrer noopener\" href=\"http:\/\/www.l-mag.de\" target=\"_blank\">L-MAG<\/a><\/li>\n\n\n\n<li>2002 \u2013 2004: Gr\u00fcndungsmitglied der SPLITTAGRUPPE, offene queere Schreibgruppe mit monatlichen Lesungen im <a rel=\"noreferrer noopener\" href=\"http:\/\/www.sonntags-club.de\" target=\"_blank\">Sonntags-Club e.V.<\/a><\/li>\n<\/ul>\n<\/div>\n<\/div>\n","protected":false},"excerpt":{"rendered":"<p>\u00dcberblick Ich schreibe, seit ich schreiben kann: Gedichte &amp; Geschichten sowie M\u00e4rchen f\u00fcr Kinder &amp; Erwachsene, Zeitungsartikel, biographische Texte, l\u00e4ngere Manuskripte&#8230; Warum Schreiben f\u00fcr mich so wichtig ist, l\u00e4sst sich&hellip; <a class=\"more-link\" href=\"https:\/\/kathrin-schultz.de\/?page_id=43\"><span class=\"screen-reader-text\">Literatur<\/span> weiterlesen<\/a><\/p>\n","protected":false},"author":1,"featured_media":0,"parent":0,"menu_order":0,"comment_status":"closed","ping_status":"closed","template":"","meta":{"footnotes":""},"class_list":["post-43","page","type-page","status-publish","hentry","entry"],"_links":{"self":[{"href":"https:\/\/kathrin-schultz.de\/index.php?rest_route=\/wp\/v2\/pages\/43","targetHints":{"allow":["GET"]}}],"collection":[{"href":"https:\/\/kathrin-schultz.de\/index.php?rest_route=\/wp\/v2\/pages"}],"about":[{"href":"https:\/\/kathrin-schultz.de\/index.php?rest_route=\/wp\/v2\/types\/page"}],"author":[{"embeddable":true,"href":"https:\/\/kathrin-schultz.de\/index.php?rest_route=\/wp\/v2\/users\/1"}],"replies":[{"embeddable":true,"href":"https:\/\/kathrin-schultz.de\/index.php?rest_route=%2Fwp%2Fv2%2Fcomments&post=43"}],"version-history":[{"count":25,"href":"https:\/\/kathrin-schultz.de\/index.php?rest_route=\/wp\/v2\/pages\/43\/revisions"}],"predecessor-version":[{"id":449,"href":"https:\/\/kathrin-schultz.de\/index.php?rest_route=\/wp\/v2\/pages\/43\/revisions\/449"}],"wp:attachment":[{"href":"https:\/\/kathrin-schultz.de\/index.php?rest_route=%2Fwp%2Fv2%2Fmedia&parent=43"}],"curies":[{"name":"wp","href":"https:\/\/api.w.org\/{rel}","templated":true}]}}