{"id":460,"date":"2024-01-05T17:40:44","date_gmt":"2024-01-05T16:40:44","guid":{"rendered":"https:\/\/kathrin-schultz.de\/?page_id=460"},"modified":"2024-01-07T13:20:06","modified_gmt":"2024-01-07T12:20:06","slug":"filmopgrahie","status":"publish","type":"page","link":"https:\/\/kathrin-schultz.de\/?page_id=460","title":{"rendered":"Filmopgrahie"},"content":{"rendered":"\n<p><strong>Stand: Januar 2024<\/strong><\/p>\n<p><em>Alle Filme sind als Screener oder DVD \u00fcber mich erh\u00e4ltlich.<\/em><\/p>\n\n\n\n<figure class=\"wp-block-table\"><table><tbody><tr><td><strong>Titel: \u201eZwischen gestern und morgen.\u201c<\/strong> <br>Doku-Film zu 50 Jahre Sonntags-Club e.V.<br>Regie &amp; Schnitt: Kathrin* Schultz Co-Producer: <a href=\"https:\/\/de.linkedin.com\/in\/joyce-v-newrzella\">Joyce V. Newrzella<\/a> <br>Filml\u00e4nge: 1h39m <br>Premiere: 2024 <br>Homepage: <a href=\"http:\/\/www.sonntags-club.de\/\">www.sonntags-club.de<\/a> <br>Trailer: <a href=\"https:\/\/www.youtube.com\/watch?v=uIZ9DpG62Bg\">https:\/\/www.youtube.com\/watch?v=uIZ9DpG62Bg<\/a><\/td><\/tr><tr><td><strong>Titel: \u201e25 Jahre, 25 Geschichten\u201c<\/strong> <br>Doku-Film zu 25 Jahren Jugendnetzwerk Lambda e.V. <br>Regie &amp; Schnitt: Kathrin* Schultz <br>Filml\u00e4nge: 1h30m <br>Premiere: 2015 <br>Homepage: <a href=\"http:\/\/www.lambda-bb.de\/\">www.lambda-bb.de<\/a> <br>Trailer: <a href=\"https:\/\/www.youtube.com\/watch?v=18V1qJyueYk&amp;t=1s\">https:\/\/www.youtube.com\/watch?v=18V1qJyueYk&amp;t=1s<\/a><\/td><\/tr><tr><td><strong>Titel: \u201eVierzig plus 2.\u201c<\/strong> <br>Doku-Film zu 40 Jahren LesbenFr\u00fchlingsTreffen <br>Regie &amp; Schnitt: Kathrin* Schultz &amp; Steffi Wiegand <br>Filml\u00e4nge: 1h40m<br>Premiere: 2014 <br>Homepage: <a href=\"http:\/\/www.lesbenfruehling.de\">www.lesbenfruehling.de<\/a><br>Trailer: <a href=\"https:\/\/www.youtube.com\/watch?v=r46s6NZvcBA\">https:\/\/www.youtube.com\/watch?v=r46s6NZvcBA<\/a><\/td><\/tr><tr><td><strong>Titel: \u201eBrandenburg bleibt bunt.\u201c<\/strong> <br>Ein Doku-Film zu 15 Jahre LesBiSchwule Tour* durch Brandenburg. Regie &amp; Schnitt: Kathrin* Schultz <br>Filml\u00e4nge: 1h20m <br>Premiere: 2013 <br>Homepage: <a href=\"http:\/\/www.brandenburg-bleibt-bunt.de\/\">www.brandenburg-bleibt-bunt.de<\/a> <br>Trailer: <a href=\"https:\/\/www.youtube.com\/watch?v=Sdioh7qJ91Q\">https:\/\/www.youtube.com\/watch?v=Sdioh7qJ91Q<\/a><\/td><\/tr><tr><td><strong>Titel: \u201eDreamville \u2013 wie m\u00f6chtest du leben?<\/strong>&#8220; <br>Kurzfilm zum Theaterprojekt DREAMVILLE<br>Regie &amp; Schnitt: Team Jugendnetzwerk Lambda BB e.V. p\u00e4dagogische Leitung: Kathrin* Schultz <br>Filml\u00e4nge: 9m8s <br>Premiere: 2013 <br>Homepage: <a href=\"http:\/\/www.lambda-bb.de\/\">www.lambda-bb.de<\/a> <br>Film: <a href=\"https:\/\/www.youtube.com\/watch?v=2BSPNm3rKeI\">https:\/\/www.youtube.com\/watch?v=2BSPNm3rKeI<\/a><\/td><\/tr><tr><td><strong>Titel: \u201eSchulsport war f\u00fcr mich ein rotes Tuch<\/strong>&#8220; <br>Kurzfilm zu Erfahrungen von LSBTIQ* im Schulsport <br>Regie &amp; Schnitt: Team QUEER@SCHOOL \/ Jugendnetzwerk Lambda BB e.V. <br>p\u00e4dagogische Leitung: Kathrin* Schultz <br>Filml\u00e4nge: 8m19s Premiere: 2010<br>L\u00e4nge: 8 Minuten <br>Homepage: <a href=\"http:\/\/www.queer-at-school.de\">www.queer-at-school.de <\/a><br>Film: <a href=\"https:\/\/www.youtube.com\/watch?v=xqBd-uqldBY\">https:\/\/www.youtube.com\/watch?v=xqBd-uqldBY<\/a><\/td><\/tr><tr><td><strong>Titel: \u201eBerlin ist \u00fcberall.&#8220;<\/strong> <br>Doku-Film von M\u00e4dchen f\u00fcr M\u00e4dchen, Jungen und Erwachsene \u00fcber die Berliner Mauer.<br>Regie &amp; Schnitt: Kathrin Schultz, Jeannine Prie\u00df, Kristin K\u00f6lling Filml\u00e4nge: 1h7m<br>Premiere: 2010 Altersempfehlung: ab 6 Jahre <br>Homepage: <a href=\"http:\/\/www.phantalisa.de\">www.phantalisa.de<\/a><br>Film: <a href=\"https:\/\/www.youtube.com\/watch?v=Q8Jhj1UO1Xk\">https:\/\/www.youtube.com\/watch?v=Q8Jhj1UO1Xk<\/a><\/td><\/tr><\/tbody><\/table><\/figure>\n","protected":false},"excerpt":{"rendered":"<p>Stand: Januar 2024 Alle Filme sind als Screener oder DVD \u00fcber mich erh\u00e4ltlich. Titel: \u201eZwischen gestern und morgen.\u201c Doku-Film zu 50 Jahre Sonntags-Club e.V.Regie &amp; Schnitt: Kathrin* Schultz Co-Producer: Joyce&hellip; <a class=\"more-link\" href=\"https:\/\/kathrin-schultz.de\/?page_id=460\"><span class=\"screen-reader-text\">Filmopgrahie<\/span> weiterlesen<\/a><\/p>\n","protected":false},"author":1,"featured_media":0,"parent":0,"menu_order":0,"comment_status":"closed","ping_status":"closed","template":"","meta":{"footnotes":""},"class_list":["post-460","page","type-page","status-publish","hentry","entry"],"_links":{"self":[{"href":"https:\/\/kathrin-schultz.de\/index.php?rest_route=\/wp\/v2\/pages\/460","targetHints":{"allow":["GET"]}}],"collection":[{"href":"https:\/\/kathrin-schultz.de\/index.php?rest_route=\/wp\/v2\/pages"}],"about":[{"href":"https:\/\/kathrin-schultz.de\/index.php?rest_route=\/wp\/v2\/types\/page"}],"author":[{"embeddable":true,"href":"https:\/\/kathrin-schultz.de\/index.php?rest_route=\/wp\/v2\/users\/1"}],"replies":[{"embeddable":true,"href":"https:\/\/kathrin-schultz.de\/index.php?rest_route=%2Fwp%2Fv2%2Fcomments&post=460"}],"version-history":[{"count":6,"href":"https:\/\/kathrin-schultz.de\/index.php?rest_route=\/wp\/v2\/pages\/460\/revisions"}],"predecessor-version":[{"id":478,"href":"https:\/\/kathrin-schultz.de\/index.php?rest_route=\/wp\/v2\/pages\/460\/revisions\/478"}],"wp:attachment":[{"href":"https:\/\/kathrin-schultz.de\/index.php?rest_route=%2Fwp%2Fv2%2Fmedia&parent=460"}],"curies":[{"name":"wp","href":"https:\/\/api.w.org\/{rel}","templated":true}]}}