{"id":48,"date":"2021-11-19T14:27:41","date_gmt":"2021-11-19T13:27:41","guid":{"rendered":"https:\/\/kathrin-schultz.de\/?page_id=48"},"modified":"2025-10-14T10:43:34","modified_gmt":"2025-10-14T08:43:34","slug":"ueber-mich","status":"publish","type":"page","link":"https:\/\/kathrin-schultz.de\/?page_id=48","title":{"rendered":"\u00dcber mich"},"content":{"rendered":"\n<p>Geboren im M\u00e4rz 1979 in Mecklenburg Vorpommern, zwei j\u00fcngere Geschwister. Mit 18 Jahren Umzug in meine Wahlheimat Berlin, wo ich heute mit meinem Kind (geb. 2015) im Bezirk Lichtenberg lebe. Au\u00dferdem bin ich Co-Mutter eines weiteren Kindes (geb. 2016).<\/p>\n\n\n\n<p>Als cis-weibliche Person definiere ich mich als lesbisch* und als Frau*, hei\u00dft, ich m\u00f6chte nicht ausschlie\u00dflich als traditionell \u201eweiblich\u201c gelesen werden, sondern stelle Heteronormativit\u00e4t und die Einteilung in ausschlie\u00dflich zwei Geschlechter infrage.<\/p>\n\n\n\n<p><strong>Studium<\/strong><\/p>\n\n\n\n<p>Von 1998 bis 2007 Studium an der Freien Universit\u00e4t \/ Berlin, zun\u00e4chst Psychologie, ab 2000 Erziehungswissenschaften, Schwerpunkt: Gender &amp; Arbeit mit Gruppen. Abschluss: Diplom. Titel der Abschlussarbeit: <em>\u201eDie Bedeutung von M\u00e4rchen in der feministischen M\u00e4dchenarbeit. Speziell das F\u00fcr und Wider der M\u00e4rchen der Gebr\u00fcder Grimm.\u201c<\/em><\/p>\n\n\n\n<p><strong>Berufserfahrung<\/strong><\/p>\n\n\n\n<p>Referentin f\u00fcr Diversity, Medienp\u00e4dagogik und Sexualp\u00e4dagogik.<\/p>\n\n\n\n<p>Seit November 2022 arbeite ich als Diplomp\u00e4dagogin beim <a href=\"http:\/\/www.sonntags-club.de\">Sonntags-Club e.V.<\/a> im Projekt <strong><a href=\"http:\/\/www.queerhome.de\">QUEERHOME*<\/a><\/strong>. Die deutschlandweit erste Wohnraumberatungsstelle \/ Antidiskriminierungsberatungsstelle f\u00fcr wohnungslose LSBTIQ+.<\/p>\n\n\n\n<p>Seit 2018 Fachbeiratsmitglied der <a rel=\"noreferrer noopener\" href=\"https:\/\/fairmieten-fairwohnen.de\/\" target=\"_blank\"><strong>Fachstelle fair_mieten fair*wohnen<\/strong><\/a>.<\/p>\n\n\n\n<p>2020 \u2013 2021 Projektkoordination beim Projekt \u201eLesben* in Marzahn-Hellersdorf\u201c st\u00e4rken des Vereins <strong><a href=\"https:\/\/leslefam.de\/lesben-in-marzahn-hellersdorf-staerken\" target=\"_blank\" rel=\"noreferrer noopener\">Lesben Leben Familie e.V.<\/a><\/strong> (kurz LesLeFam).<\/p>\n\n\n\n<p>Von 2010 bis 2016 Gesch\u00e4ftsf\u00fchrung <strong><a rel=\"noreferrer noopener\" href=\"https:\/\/www.lambda-bb.de\/\" target=\"_blank\">Jugendnetzwerk Lambda Berlin-Brandenburg e.V.<\/a><\/strong>, wo ich zuvor ab 1998 ehrenamtlich im Vorstand und als Gruppenleiterin t\u00e4tig war.<\/p>\n\n\n\n<p>2010 Elternzeitvertretung im <strong><a href=\"https:\/\/www.phantalisa.de\/home\/\" target=\"_blank\" rel=\"noreferrer noopener\">Phantalisa M\u00e4dchentreff<\/a><\/strong>.<\/p>\n\n\n\n<p>2008 bis 2009 Projektleitung bei <strong><a href=\"https:\/\/www.rosalinde-leipzig.de\/de\/\" target=\"_blank\" rel=\"noreferrer noopener\">RosaLinde Leipzig e.V.<\/a><\/strong> in Teilzeit.<\/p>\n\n\n\n<p>2006 bis 2007 freie Dozentin bei Computer-Bildung-Berlin e.V.<\/p>\n\n\n\n<p>Von 2004 bis 2015 Reiseleitung inklusiver Jugendreisen bei <strong><a href=\"https:\/\/www.sterntal.de\/\" data-type=\"URL\" data-id=\"https:\/\/www.sterntal.de\/\" target=\"_blank\" rel=\"noreferrer noopener\">Sterntal gGmbH<\/a><\/strong> f\u00fcr Kinder und Jugendliche mit und ohne k\u00f6rperliche \/ geistige Beeintr\u00e4chtigungen.<\/p>\n\n\n\n<p><strong>Weiterbildung<\/strong><\/p>\n\n\n\n<p>2023 bis 2025 <strong>SCHULE DES SCHREIBEN<\/strong>: Fernstudium &#8222;Belletristik&#8220;<\/p>\n\n\n\n<p>2018 bis 2020 <strong>ILS<\/strong>: Fernstudium &#8222;Kinder- und Jugendbuchliteratur&#8220; <\/p>\n\n\n\n<p><strong>Ehren\u00e4mter<\/strong><\/p>\n\n\n\n<p>2019 &#8211; 2025 Vorstand <strong><a href=\"http:\/\/www.Lesbenring.de\" target=\"_blank\" rel=\"noreferrer noopener\">LesbenRing e.V.<\/a><\/strong><\/p>\n\n\n\n<p>2016 bis 2018 Mitautorin bei <strong><a href=\"http:\/\/www.wirfrauen.de\" target=\"_blank\" rel=\"noreferrer noopener\">WIR FRAUEN<\/a><\/strong>, bundesweit erscheinende feministische Zeitschrift.<\/p>\n\n\n\n<p>2016 bis 2018 Mitglied bei <strong><a href=\"https:\/\/queeramnesty-berlin.de\/\" target=\"_blank\" rel=\"noreferrer noopener\">QueerAmnesty Berlin<\/a><\/strong>, Mitorganisation von Aktionen &amp; Veranstaltungen.<\/p>\n\n\n\n<p>2005 + 2014 Mitorganisation <strong><a href=\"http:\/\/www.lesbenfruehling.de\" target=\"_blank\" rel=\"noreferrer noopener\">Lesbenfr\u00fchlingstreffen e.V.<\/a><\/strong> in Berlin.<\/p>\n\n\n\n<p>Seit 2003 im <strong><a href=\"http:\/\/sonntags-club.de\" target=\"_blank\" rel=\"noreferrer noopener\">Sonntags-Club e.V.<\/a><\/strong>, Verein f\u00fcr LSBTIQ* in Berlin Prenzlauer Berg: Vorstandsfrau 2006 \u2013 2017, Thresendienste, Frauen-Orga Gruppe, ZukunftsAG, Geschichtsprojekt etc. &#8211; hier wurde mir \u00fcbrigens auch einer meiner zahlreichen Spitznamen, in dem Fall Frau* Schultz, verpasst, den ich mittlerweile als K\u00fcnstlerinnen*name verwende.<\/p>\n\n\n\n<p><strong>Hobbys<\/strong><\/p>\n\n\n\n<p>Literatur: Begr\u00fcnderin der <em>Splittagruppe<\/em> &amp; <em>Wortwild<\/em> (queere Schreibgruppen)<\/p>\n\n\n\n<p>Musik: Seit 2017 Mits\u00e4ngerin im FLINTA*-Chor <strong><a rel=\"noreferrer noopener\" href=\"http:\/\/www.stadtlibellen.net\" target=\"_blank\">Stadtlibellen<\/a><\/strong>, Gitarre &amp; Akkordeon. Mitmoderatorin* der offenen B\u00fchnen MIXTAPE und LAMPENFIEBER im <strong><a rel=\"noreferrer noopener\" href=\"http:\/\/sonntags-club.de\" target=\"_blank\">Sonntags-Club e.V.<\/a><\/strong>, <\/p>\n\n\n\n<p>Mitfrau* bei: Lambda Bund e.V., Sonntags-Club e.V., Deutsche Friedensgesellschaft, Lesben Leben Familie e.V., Gewerkschaft Erziehung und Wissenschaft, LesbenRing e.V.<\/p>\n\n\n\n<p>Filmkunst: Nichtkommerzielle Filmemacherin seit 1998.<\/p>\n\n\n\n<figure class=\"wp-block-image size-full\"><img loading=\"lazy\" decoding=\"async\" width=\"1017\" height=\"687\" src=\"https:\/\/kathrin-schultz.de\/wp-content\/uploads\/2021\/11\/ich-im-sessel.jpg\" alt=\"\" class=\"wp-image-75\" srcset=\"https:\/\/kathrin-schultz.de\/wp-content\/uploads\/2021\/11\/ich-im-sessel.jpg 1017w, https:\/\/kathrin-schultz.de\/wp-content\/uploads\/2021\/11\/ich-im-sessel-300x203.jpg 300w, https:\/\/kathrin-schultz.de\/wp-content\/uploads\/2021\/11\/ich-im-sessel-768x519.jpg 768w\" sizes=\"auto, (max-width: 1017px) 100vw, 1017px\" \/><figcaption class=\"wp-element-caption\">Foto: privat<\/figcaption><\/figure>\n","protected":false},"excerpt":{"rendered":"<p>Geboren im M\u00e4rz 1979 in Mecklenburg Vorpommern, zwei j\u00fcngere Geschwister. Mit 18 Jahren Umzug in meine Wahlheimat Berlin, wo ich heute mit meinem Kind (geb. 2015) im Bezirk Lichtenberg lebe.&hellip; <a class=\"more-link\" href=\"https:\/\/kathrin-schultz.de\/?page_id=48\"><span class=\"screen-reader-text\">\u00dcber mich<\/span> weiterlesen<\/a><\/p>\n","protected":false},"author":1,"featured_media":0,"parent":0,"menu_order":0,"comment_status":"closed","ping_status":"closed","template":"","meta":{"footnotes":""},"class_list":["post-48","page","type-page","status-publish","hentry","entry"],"_links":{"self":[{"href":"https:\/\/kathrin-schultz.de\/index.php?rest_route=\/wp\/v2\/pages\/48","targetHints":{"allow":["GET"]}}],"collection":[{"href":"https:\/\/kathrin-schultz.de\/index.php?rest_route=\/wp\/v2\/pages"}],"about":[{"href":"https:\/\/kathrin-schultz.de\/index.php?rest_route=\/wp\/v2\/types\/page"}],"author":[{"embeddable":true,"href":"https:\/\/kathrin-schultz.de\/index.php?rest_route=\/wp\/v2\/users\/1"}],"replies":[{"embeddable":true,"href":"https:\/\/kathrin-schultz.de\/index.php?rest_route=%2Fwp%2Fv2%2Fcomments&post=48"}],"version-history":[{"count":22,"href":"https:\/\/kathrin-schultz.de\/index.php?rest_route=\/wp\/v2\/pages\/48\/revisions"}],"predecessor-version":[{"id":485,"href":"https:\/\/kathrin-schultz.de\/index.php?rest_route=\/wp\/v2\/pages\/48\/revisions\/485"}],"wp:attachment":[{"href":"https:\/\/kathrin-schultz.de\/index.php?rest_route=%2Fwp%2Fv2%2Fmedia&parent=48"}],"curies":[{"name":"wp","href":"https:\/\/api.w.org\/{rel}","templated":true}]}}