{"id":85,"date":"2021-11-20T16:00:40","date_gmt":"2021-11-20T15:00:40","guid":{"rendered":"https:\/\/kathrin-schultz.de\/?page_id=85"},"modified":"2023-09-23T17:23:12","modified_gmt":"2023-09-23T15:23:12","slug":"queere-kinderbuecher","status":"publish","type":"page","link":"https:\/\/kathrin-schultz.de\/?page_id=85","title":{"rendered":"Queere Kinderb\u00fccher"},"content":{"rendered":"\n<p>Hier finden sich Textbeispiele von mir, die noch in Arbeit oder schon fertig illustriert sind oder noch auf passende Illustrationen warten.<\/p>\n<p>An dieser Stelle erneut der Aufruf an alle interessierten Illustrator*innen, mit mir zwecks einer m\u00f6glichen Zusammenarbeit in Kontakt zu treten! \ud83d\ude42<\/p>\n\n\n\n<h2 class=\"wp-block-heading\">Baby-Schaf<\/h2>\n\n\n\n<figure class=\"wp-block-image size-full\"><img loading=\"lazy\" decoding=\"async\" width=\"800\" height=\"534\" src=\"https:\/\/kathrin-schultz.de\/wp-content\/uploads\/2021\/11\/Ueberblick-1.jpg\" alt=\"\" class=\"wp-image-245\" srcset=\"https:\/\/kathrin-schultz.de\/wp-content\/uploads\/2021\/11\/Ueberblick-1.jpg 800w, https:\/\/kathrin-schultz.de\/wp-content\/uploads\/2021\/11\/Ueberblick-1-300x200.jpg 300w, https:\/\/kathrin-schultz.de\/wp-content\/uploads\/2021\/11\/Ueberblick-1-768x513.jpg 768w\" sizes=\"auto, (max-width: 800px) 100vw, 800px\" \/><figcaption class=\"wp-element-caption\">Grafik: Raoul Berlin<\/figcaption><\/figure>\n\n\n\n<p>Mit drei Exemplaren ihrer queeren Bilderbuch-Serie erz\u00e4hlen Kathrin* Schultz &amp; Raoul Berlin die Geschichte von Baby-Schaf. Dieses erlebt mit Mama Schaf und Mama Eule unterhaltsame Alltags-Abenteuer jenseits des heterosexuellen \u201eMainstreams\u201c oder festgezurrter Geschlechterkategorien.<\/p>\n\n\n\n<ul class=\"wp-block-list\">\n<li>Band 1: &#8222;Morgen ist auch noch ein Tag!&#8220; Eine Geschichte \u00fcber das Einschlafen.<\/li>\n\n\n\n<li>Band 2: &#8222;Kann ich das essen?&#8220; Eine Geschichte \u00fcber genie\u00dfbare und ungenie\u00dfbare Lebensmittel.<\/li>\n\n\n\n<li>Band 3: &#8222;Warum hat Mama Schaf H\u00f6rner?&#8220; Eine Geschichte \u00fcber das &#8222;Anderssein&#8220;.<\/li>\n<\/ul>\n\n\n\n<p><strong>Zielgruppe &amp; Buchform<\/strong><\/p>\n\n\n\n<p>Die B\u00fccher sind f\u00fcr Kinder bis 12 Jahre konzipiert und k\u00f6nnen bis ins Vorschulalter vorgelesen sowie von Erstleser*innen selbst gelesen werden. Farbige Illustrationen, leicht verst\u00e4ndliche Texte und ein Glossar am jeweiligen Buchende erz\u00e4hlen den Alltag von Baby-Schaf.<\/p>\n\n\n\n<p><strong>Grafiker<\/strong>: <\/p>\n\n\n\n<p><em><a href=\"https:\/\/raoulberlin.wordpress.com\/\">R<\/a><a rel=\"noreferrer noopener\" href=\"https:\/\/raoulberlin.wordpress.com\/\" target=\"_blank\">aoul Berlin<\/a><\/em> hat die Geschichten illustriert. K\u00fcnstler, Fotograf, Musiker, nonbin\u00e4rer Transmann. Lebt seit 1995 in Berlin.<\/p>\n\n\n\n<p><strong>Metadaten<\/strong> <\/p>\n\n\n\n<p>epubli-Verlag, Heftbindung, St\u00fcck 12.99 Euro<\/p>\n\n\n\n<p>Band 1: \u201eMorgen ist auch noch ein Tag!\u201c \/ ISBN: 978-3-758407-04-8<\/p>\n\n\n\n<p>Band 2: \u201eKann ich das essen?\u201c \/ ISBN: 978-3-758407-05-5<\/p>\n\n\n\n<p>Band 3: \u201eWarum hat Mama Schaf H\u00f6rner?\u201c \/ ISBN: 978-3-758407-06-2<\/p>\n\n\n\n<p>Bestellbar vorzugsweise bei <a href=\"https:\/\/www.epubli.com\/shop\" data-type=\"link\" data-id=\"https:\/\/www.epubli.com\/shop\">EPUBLI<\/a> oder \u00fcberall dort, wo es im Buchhandel oder online B\u00fccher gibt .<\/p>\n\n\n\n\n\n<h2 class=\"wp-block-heading\">Die Schuhhexe &amp; DU<\/h2>\n\n\n\n<p><em><strong>Altersgruppe: ab 4 Jahre<\/strong><\/em><\/p>\n\n\n\n<p><em><strong>In Vorbereitung: Eine Gemeinschaftsproduktion von Frau* Schultz, Clara Julia Escalera<\/strong><\/em><\/p>\n\n\n\n<p>Clara Julia Escalera ist freischaffende Illustratorin, Malerin und<br>Kulturwissenschaftlerin. K\u00fcnstlerisch und akademisch setzt sie sich mit lesbischen Lebenswelten auseinander und bemalt als Autodidaktin auch gro\u00dfformatige Leinw\u00e4nde mit Strommasten, Papierbooten und kleinen Wesen, illustriert auch Menschen und Tiere analog und digital.<\/p>\n\n\n\n<div class=\"wp-block-columns is-layout-flex wp-container-core-columns-is-layout-9d6595d7 wp-block-columns-is-layout-flex\">\n<div class=\"wp-block-column is-layout-flow wp-block-column-is-layout-flow\">\n<figure class=\"wp-block-image size-full\"><img loading=\"lazy\" decoding=\"async\" width=\"407\" height=\"555\" src=\"https:\/\/kathrin-schultz.de\/wp-content\/uploads\/2021\/11\/test.png\" alt=\"\" class=\"wp-image-105\" srcset=\"https:\/\/kathrin-schultz.de\/wp-content\/uploads\/2021\/11\/test.png 407w, https:\/\/kathrin-schultz.de\/wp-content\/uploads\/2021\/11\/test-220x300.png 220w\" sizes=\"auto, (max-width: 407px) 100vw, 407px\" \/><\/figure>\n<\/div>\n<\/div>\n\n\n","protected":false},"excerpt":{"rendered":"<p>Hier finden sich Textbeispiele von mir, die noch in Arbeit oder schon fertig illustriert sind oder noch auf passende Illustrationen warten. An dieser Stelle erneut der Aufruf an alle interessierten&hellip; <a class=\"more-link\" href=\"https:\/\/kathrin-schultz.de\/?page_id=85\"><span class=\"screen-reader-text\">Queere Kinderb\u00fccher<\/span> weiterlesen<\/a><\/p>\n","protected":false},"author":1,"featured_media":0,"parent":0,"menu_order":0,"comment_status":"closed","ping_status":"closed","template":"","meta":{"footnotes":""},"class_list":["post-85","page","type-page","status-publish","hentry","entry"],"_links":{"self":[{"href":"https:\/\/kathrin-schultz.de\/index.php?rest_route=\/wp\/v2\/pages\/85","targetHints":{"allow":["GET"]}}],"collection":[{"href":"https:\/\/kathrin-schultz.de\/index.php?rest_route=\/wp\/v2\/pages"}],"about":[{"href":"https:\/\/kathrin-schultz.de\/index.php?rest_route=\/wp\/v2\/types\/page"}],"author":[{"embeddable":true,"href":"https:\/\/kathrin-schultz.de\/index.php?rest_route=\/wp\/v2\/users\/1"}],"replies":[{"embeddable":true,"href":"https:\/\/kathrin-schultz.de\/index.php?rest_route=%2Fwp%2Fv2%2Fcomments&post=85"}],"version-history":[{"count":19,"href":"https:\/\/kathrin-schultz.de\/index.php?rest_route=\/wp\/v2\/pages\/85\/revisions"}],"predecessor-version":[{"id":424,"href":"https:\/\/kathrin-schultz.de\/index.php?rest_route=\/wp\/v2\/pages\/85\/revisions\/424"}],"wp:attachment":[{"href":"https:\/\/kathrin-schultz.de\/index.php?rest_route=%2Fwp%2Fv2%2Fmedia&parent=85"}],"curies":[{"name":"wp","href":"https:\/\/api.w.org\/{rel}","templated":true}]}}