{"id":89,"date":"2021-11-20T16:02:18","date_gmt":"2021-11-20T15:02:18","guid":{"rendered":"https:\/\/kathrin-schultz.de\/?page_id=89"},"modified":"2023-09-13T10:57:50","modified_gmt":"2023-09-13T08:57:50","slug":"biographisches-schreiben","status":"publish","type":"page","link":"https:\/\/kathrin-schultz.de\/?page_id=89","title":{"rendered":"Biographisches Schreiben"},"content":{"rendered":"\n<p>\u2026<strong>&#8230;&#8230;&#8230; Coming soon \ud83d\ude42<\/strong>  \u2026<strong>&#8230;&#8230;&#8230; <\/strong> <\/p>\n\n\n\n<p>Von September 2018 bis Oktober 2020 studierte ich \u201eKinder- und Jugendliteratur\u201c im Fernstudium an der <a href=\"http:\/\/www.ils.de\">ILS<\/a>. Seit September 2023 studiere ich nun 2 Jahre lang das Fach &#8222;Belletristik&#8220;. <\/p>\n\n\n\n<p>Im Anschluss plane ich, an derselben Fern-Uni den zweij\u00e4hrigen Kurs \u201eBiographisches Schreiben\u201c zu studieren, um herausfinden, ob die Besch\u00e4ftigung mit fremden Biographien eine Option f\u00fcr mich sein k\u00f6nnte, meiner Schreiblust weiter zu fr\u00f6nen; mit und f\u00fcr andere.<\/p>\n\n\n\n<p>Auf dieser Seite halte ich euch \/ Sie \u00fcber die neuesten Entwicklungen auf dem Laufenden.<\/p>\n\n\n\n<figure class=\"wp-block-image size-large\"><img loading=\"lazy\" decoding=\"async\" width=\"1024\" height=\"695\" src=\"https:\/\/kathrin-schultz.de\/wp-content\/uploads\/2021\/11\/kathrin-schreibend-am-strand-2005-1024x695.jpg\" alt=\"\" class=\"wp-image-132\" srcset=\"https:\/\/kathrin-schultz.de\/wp-content\/uploads\/2021\/11\/kathrin-schreibend-am-strand-2005-1024x695.jpg 1024w, https:\/\/kathrin-schultz.de\/wp-content\/uploads\/2021\/11\/kathrin-schreibend-am-strand-2005-300x203.jpg 300w, https:\/\/kathrin-schultz.de\/wp-content\/uploads\/2021\/11\/kathrin-schreibend-am-strand-2005-768x521.jpg 768w, https:\/\/kathrin-schultz.de\/wp-content\/uploads\/2021\/11\/kathrin-schreibend-am-strand-2005.jpg 1178w\" sizes=\"auto, (max-width: 1024px) 100vw, 1024px\" \/><figcaption class=\"wp-element-caption\">Foto: privat<\/figcaption><\/figure>\n\n\n","protected":false},"excerpt":{"rendered":"<p>\u2026&#8230;&#8230;&#8230; Coming soon \ud83d\ude42 \u2026&#8230;&#8230;&#8230; Von September 2018 bis Oktober 2020 studierte ich \u201eKinder- und Jugendliteratur\u201c im Fernstudium an der ILS. Seit September 2023 studiere ich nun 2 Jahre lang&hellip; <a class=\"more-link\" href=\"https:\/\/kathrin-schultz.de\/?page_id=89\"><span class=\"screen-reader-text\">Biographisches Schreiben<\/span> weiterlesen<\/a><\/p>\n","protected":false},"author":1,"featured_media":0,"parent":0,"menu_order":0,"comment_status":"closed","ping_status":"closed","template":"","meta":{"footnotes":""},"class_list":["post-89","page","type-page","status-publish","hentry","entry"],"_links":{"self":[{"href":"https:\/\/kathrin-schultz.de\/index.php?rest_route=\/wp\/v2\/pages\/89","targetHints":{"allow":["GET"]}}],"collection":[{"href":"https:\/\/kathrin-schultz.de\/index.php?rest_route=\/wp\/v2\/pages"}],"about":[{"href":"https:\/\/kathrin-schultz.de\/index.php?rest_route=\/wp\/v2\/types\/page"}],"author":[{"embeddable":true,"href":"https:\/\/kathrin-schultz.de\/index.php?rest_route=\/wp\/v2\/users\/1"}],"replies":[{"embeddable":true,"href":"https:\/\/kathrin-schultz.de\/index.php?rest_route=%2Fwp%2Fv2%2Fcomments&post=89"}],"version-history":[{"count":10,"href":"https:\/\/kathrin-schultz.de\/index.php?rest_route=\/wp\/v2\/pages\/89\/revisions"}],"predecessor-version":[{"id":388,"href":"https:\/\/kathrin-schultz.de\/index.php?rest_route=\/wp\/v2\/pages\/89\/revisions\/388"}],"wp:attachment":[{"href":"https:\/\/kathrin-schultz.de\/index.php?rest_route=%2Fwp%2Fv2%2Fmedia&parent=89"}],"curies":[{"name":"wp","href":"https:\/\/api.w.org\/{rel}","templated":true}]}}